{"id":102,"date":"2016-03-25T15:23:00","date_gmt":"2016-03-25T14:23:00","guid":{"rendered":"http:\/\/www.pfadfinderbadblankenburg.de\/wordpress\/?page_id=102"},"modified":"2024-11-12T20:28:14","modified_gmt":"2024-11-12T19:28:14","slug":"stamm","status":"publish","type":"page","link":"http:\/\/www.pfadfinderbadblankenburg.de\/wordpress\/kontakt\/stamm\/","title":{"rendered":"Stamm"},"content":{"rendered":"\n<h3 class=\"wp-block-heading\">Stammesf\u00fchrung<\/h3>\n\n\n\n<div style=\"height:46px\" aria-hidden=\"true\" class=\"wp-block-spacer\"><\/div>\n\n\n\n<p><\/p>\n\n\n\n<div class=\"wp-block-media-text alignwide is-stacked-on-mobile\" style=\"grid-template-columns:28% auto\"><figure class=\"wp-block-media-text__media\"><img loading=\"lazy\" decoding=\"async\" width=\"415\" height=\"415\" data-attachment-id=\"569\" data-permalink=\"http:\/\/www.pfadfinderbadblankenburg.de\/wordpress\/kontakt\/landesverband\/heike03_small\/\" data-orig-file=\"http:\/\/www.pfadfinderbadblankenburg.de\/wordpress\/wp-content\/uploads\/2016\/03\/heike03_small.png\" data-orig-size=\"415,415\" data-comments-opened=\"1\" data-image-meta=\"{&quot;aperture&quot;:&quot;0&quot;,&quot;credit&quot;:&quot;&quot;,&quot;camera&quot;:&quot;&quot;,&quot;caption&quot;:&quot;&quot;,&quot;created_timestamp&quot;:&quot;0&quot;,&quot;copyright&quot;:&quot;&quot;,&quot;focal_length&quot;:&quot;0&quot;,&quot;iso&quot;:&quot;0&quot;,&quot;shutter_speed&quot;:&quot;0&quot;,&quot;title&quot;:&quot;&quot;,&quot;orientation&quot;:&quot;0&quot;}\" data-image-title=\"heike03_small\" data-image-description=\"\" data-image-caption=\"\" data-large-file=\"http:\/\/www.pfadfinderbadblankenburg.de\/wordpress\/wp-content\/uploads\/2016\/03\/heike03_small.png\" src=\"http:\/\/www.pfadfinderbadblankenburg.de\/wordpress\/wp-content\/uploads\/2016\/03\/heike03_small.png\" alt=\"\" class=\"wp-image-569 size-full\" srcset=\"http:\/\/www.pfadfinderbadblankenburg.de\/wordpress\/wp-content\/uploads\/2016\/03\/heike03_small.png 415w, http:\/\/www.pfadfinderbadblankenburg.de\/wordpress\/wp-content\/uploads\/2016\/03\/heike03_small-150x150.png 150w, http:\/\/www.pfadfinderbadblankenburg.de\/wordpress\/wp-content\/uploads\/2016\/03\/heike03_small-300x300.png 300w\" sizes=\"auto, (max-width: 415px) 100vw, 415px\" \/><\/figure><div class=\"wp-block-media-text__content\">\n<h4 class=\"wp-block-heading\">Joheike<\/h4>\n\n\n\n<p>heike.jackisch[at]pfadfinderbadblankenburg.de<\/p>\n\n\n\n<p>(Stammesf\u00fchrung)<\/p>\n<\/div><\/div>\n\n\n\n<hr class=\"wp-block-separator has-alpha-channel-opacity\"\/>\n\n\n\n<h3 class=\"wp-block-heading\">Gruppenleitung<\/h3>\n\n\n\n<div class=\"wp-block-columns alignwide is-layout-flex wp-container-core-columns-is-layout-9d6595d7 wp-block-columns-is-layout-flex\">\n<div class=\"wp-block-column is-layout-flow wp-block-column-is-layout-flow\"><\/div>\n<\/div>\n\n\n\n<div class=\"wp-block-group alignwide\"><div class=\"wp-block-group__inner-container is-layout-constrained wp-block-group-is-layout-constrained\">\n<div class=\"wp-block-media-text alignwide is-stacked-on-mobile\" style=\"grid-template-columns:28% auto\"><figure class=\"wp-block-media-text__media\"><img loading=\"lazy\" decoding=\"async\" width=\"988\" height=\"968\" data-attachment-id=\"141\" data-permalink=\"http:\/\/www.pfadfinderbadblankenburg.de\/wordpress\/stufen\/wolf-2\/\" data-orig-file=\"http:\/\/www.pfadfinderbadblankenburg.de\/wordpress\/wp-content\/uploads\/2016\/03\/Wolf-1.png\" data-orig-size=\"988,968\" data-comments-opened=\"1\" data-image-meta=\"{&quot;aperture&quot;:&quot;0&quot;,&quot;credit&quot;:&quot;&quot;,&quot;camera&quot;:&quot;&quot;,&quot;caption&quot;:&quot;&quot;,&quot;created_timestamp&quot;:&quot;0&quot;,&quot;copyright&quot;:&quot;&quot;,&quot;focal_length&quot;:&quot;0&quot;,&quot;iso&quot;:&quot;0&quot;,&quot;shutter_speed&quot;:&quot;0&quot;,&quot;title&quot;:&quot;&quot;,&quot;orientation&quot;:&quot;0&quot;}\" data-image-title=\"Wolf\" data-image-description=\"\" data-image-caption=\"\" data-large-file=\"http:\/\/www.pfadfinderbadblankenburg.de\/wordpress\/wp-content\/uploads\/2016\/03\/Wolf-1.png\" src=\"http:\/\/www.pfadfinderbadblankenburg.de\/wordpress\/wp-content\/uploads\/2016\/03\/Wolf-1.png\" alt=\"\" class=\"wp-image-141 size-full\" srcset=\"http:\/\/www.pfadfinderbadblankenburg.de\/wordpress\/wp-content\/uploads\/2016\/03\/Wolf-1.png 988w, http:\/\/www.pfadfinderbadblankenburg.de\/wordpress\/wp-content\/uploads\/2016\/03\/Wolf-1-300x294.png 300w, http:\/\/www.pfadfinderbadblankenburg.de\/wordpress\/wp-content\/uploads\/2016\/03\/Wolf-1-768x752.png 768w\" sizes=\"auto, (max-width: 988px) 100vw, 988px\" \/><\/figure><div class=\"wp-block-media-text__content\">\n<h4 class=\"wp-block-heading\">Wid bald besetzt<\/h4>\n\n\n\n<p>mail[at]pfadfinderbadblankenburg.de<\/p>\n\n\n\n<p>(Meutenf\u00fchrung)<\/p>\n<\/div><\/div>\n<\/div><\/div>\n\n\n\n<div class=\"wp-block-group alignwide\"><div class=\"wp-block-group__inner-container is-layout-constrained wp-block-group-is-layout-constrained\">\n<div class=\"wp-block-media-text alignwide is-stacked-on-mobile\" style=\"grid-template-columns:28% auto\"><figure class=\"wp-block-media-text__media\"><img loading=\"lazy\" decoding=\"async\" width=\"988\" height=\"968\" data-attachment-id=\"138\" data-permalink=\"http:\/\/www.pfadfinderbadblankenburg.de\/wordpress\/stufen\/lilie\/\" data-orig-file=\"http:\/\/www.pfadfinderbadblankenburg.de\/wordpress\/wp-content\/uploads\/2016\/03\/Lilie.png\" data-orig-size=\"988,968\" data-comments-opened=\"1\" data-image-meta=\"{&quot;aperture&quot;:&quot;0&quot;,&quot;credit&quot;:&quot;&quot;,&quot;camera&quot;:&quot;&quot;,&quot;caption&quot;:&quot;&quot;,&quot;created_timestamp&quot;:&quot;0&quot;,&quot;copyright&quot;:&quot;&quot;,&quot;focal_length&quot;:&quot;0&quot;,&quot;iso&quot;:&quot;0&quot;,&quot;shutter_speed&quot;:&quot;0&quot;,&quot;title&quot;:&quot;&quot;,&quot;orientation&quot;:&quot;0&quot;}\" data-image-title=\"Lilie\" data-image-description=\"\" data-image-caption=\"\" data-large-file=\"http:\/\/www.pfadfinderbadblankenburg.de\/wordpress\/wp-content\/uploads\/2016\/03\/Lilie.png\" src=\"http:\/\/www.pfadfinderbadblankenburg.de\/wordpress\/wp-content\/uploads\/2016\/03\/Lilie.png\" alt=\"\" class=\"wp-image-138 size-full\" srcset=\"http:\/\/www.pfadfinderbadblankenburg.de\/wordpress\/wp-content\/uploads\/2016\/03\/Lilie.png 988w, http:\/\/www.pfadfinderbadblankenburg.de\/wordpress\/wp-content\/uploads\/2016\/03\/Lilie-300x294.png 300w, http:\/\/www.pfadfinderbadblankenburg.de\/wordpress\/wp-content\/uploads\/2016\/03\/Lilie-768x752.png 768w\" sizes=\"auto, (max-width: 988px) 100vw, 988px\" \/><\/figure><div class=\"wp-block-media-text__content\">\n<h4 class=\"wp-block-heading\">Wid bald besetzt<\/h4>\n\n\n\n<p>mail[at]pfadfinderbadblankenburg.de<\/p>\n\n\n\n<p>(Sippenf\u00fcrhung)<\/p>\n<\/div><\/div>\n\n\n\n<hr class=\"wp-block-separator has-alpha-channel-opacity\"\/>\n<\/div><\/div>\n\n\n\n<h3 class=\"wp-block-heading\">F\u00f6rderverein FvG<\/h3>\n\n\n\n<div style=\"height:46px\" aria-hidden=\"true\" class=\"wp-block-spacer\"><\/div>\n\n\n\n<div class=\"wp-block-group\"><div class=\"wp-block-group__inner-container is-layout-constrained wp-block-group-is-layout-constrained\">\n<div class=\"wp-block-media-text alignwide is-stacked-on-mobile\" style=\"grid-template-columns:28% auto\"><figure class=\"wp-block-media-text__media\"><img loading=\"lazy\" decoding=\"async\" width=\"150\" height=\"150\" data-attachment-id=\"571\" data-permalink=\"http:\/\/www.pfadfinderbadblankenburg.de\/wordpress\/kontakt\/landesverband\/lars01_small\/\" data-orig-file=\"http:\/\/www.pfadfinderbadblankenburg.de\/wordpress\/wp-content\/uploads\/2016\/03\/lars01_small.png\" data-orig-size=\"2528,2528\" data-comments-opened=\"1\" data-image-meta=\"{&quot;aperture&quot;:&quot;0&quot;,&quot;credit&quot;:&quot;&quot;,&quot;camera&quot;:&quot;&quot;,&quot;caption&quot;:&quot;&quot;,&quot;created_timestamp&quot;:&quot;0&quot;,&quot;copyright&quot;:&quot;&quot;,&quot;focal_length&quot;:&quot;0&quot;,&quot;iso&quot;:&quot;0&quot;,&quot;shutter_speed&quot;:&quot;0&quot;,&quot;title&quot;:&quot;&quot;,&quot;orientation&quot;:&quot;0&quot;}\" data-image-title=\"lars01_small\" data-image-description=\"\" data-image-caption=\"\" data-large-file=\"http:\/\/www.pfadfinderbadblankenburg.de\/wordpress\/wp-content\/uploads\/2016\/03\/lars01_small-1024x1024.png\" src=\"http:\/\/www.pfadfinderbadblankenburg.de\/wordpress\/wp-content\/uploads\/2016\/03\/lars01_small-150x150.png\" alt=\"\" class=\"wp-image-571 size-full\" srcset=\"http:\/\/www.pfadfinderbadblankenburg.de\/wordpress\/wp-content\/uploads\/2016\/03\/lars01_small-150x150.png 150w, http:\/\/www.pfadfinderbadblankenburg.de\/wordpress\/wp-content\/uploads\/2016\/03\/lars01_small-300x300.png 300w, http:\/\/www.pfadfinderbadblankenburg.de\/wordpress\/wp-content\/uploads\/2016\/03\/lars01_small-768x768.png 768w, http:\/\/www.pfadfinderbadblankenburg.de\/wordpress\/wp-content\/uploads\/2016\/03\/lars01_small-1024x1024.png 1024w\" sizes=\"auto, (max-width: 150px) 100vw, 150px\" \/><\/figure><div class=\"wp-block-media-text__content\">\n<h4 class=\"wp-block-heading\">Lonz<\/h4>\n\n\n\n<p>lars.krausse[at]pfadfinderbadblankenburg.de<\/p>\n\n\n\n<p>(F\u00f6rderverein &#8222;Falken vom Greifenstein&#8220;)<\/p>\n<\/div><\/div>\n<\/div><\/div>\n\n\n\n<p><\/p>\n","protected":false},"excerpt":{"rendered":"<p>Stammesf\u00fchrung Joheike heike.jackisch[at]pfadfinderbadblankenburg.de (Stammesf\u00fchrung) Gruppenleitung Wid bald besetzt mail[at]pfadfinderbadblankenburg.de (Meutenf\u00fchrung) Wid bald besetzt mail[at]pfadfinderbadblankenburg.de (Sippenf\u00fcrhung) F\u00f6rderverein FvG Lonz lars.krausse[at]pfadfinderbadblankenburg.de (F\u00f6rderverein &#8222;Falken vom Greifenstein&#8220;)<\/p>\n","protected":false},"author":1,"featured_media":539,"parent":30,"menu_order":0,"comment_status":"closed","ping_status":"closed","template":"","meta":{"jetpack_post_was_ever_published":true,"footnotes":""},"class_list":["post-102","page","type-page","status-publish","has-post-thumbnail","hentry"],"jetpack_shortlink":"https:\/\/wp.me\/P7nQUU-1E","jetpack_sharing_enabled":true,"_links":{"self":[{"href":"http:\/\/www.pfadfinderbadblankenburg.de\/wordpress\/wp-json\/wp\/v2\/pages\/102","targetHints":{"allow":["GET"]}}],"collection":[{"href":"http:\/\/www.pfadfinderbadblankenburg.de\/wordpress\/wp-json\/wp\/v2\/pages"}],"about":[{"href":"http:\/\/www.pfadfinderbadblankenburg.de\/wordpress\/wp-json\/wp\/v2\/types\/page"}],"author":[{"embeddable":true,"href":"http:\/\/www.pfadfinderbadblankenburg.de\/wordpress\/wp-json\/wp\/v2\/users\/1"}],"replies":[{"embeddable":true,"href":"http:\/\/www.pfadfinderbadblankenburg.de\/wordpress\/wp-json\/wp\/v2\/comments?post=102"}],"version-history":[{"count":159,"href":"http:\/\/www.pfadfinderbadblankenburg.de\/wordpress\/wp-json\/wp\/v2\/pages\/102\/revisions"}],"predecessor-version":[{"id":1265,"href":"http:\/\/www.pfadfinderbadblankenburg.de\/wordpress\/wp-json\/wp\/v2\/pages\/102\/revisions\/1265"}],"up":[{"embeddable":true,"href":"http:\/\/www.pfadfinderbadblankenburg.de\/wordpress\/wp-json\/wp\/v2\/pages\/30"}],"wp:featuredmedia":[{"embeddable":true,"href":"http:\/\/www.pfadfinderbadblankenburg.de\/wordpress\/wp-json\/wp\/v2\/media\/539"}],"wp:attachment":[{"href":"http:\/\/www.pfadfinderbadblankenburg.de\/wordpress\/wp-json\/wp\/v2\/media?parent=102"}],"curies":[{"name":"wp","href":"https:\/\/api.w.org\/{rel}","templated":true}]}}