{"id":106,"date":"2016-03-25T15:24:00","date_gmt":"2016-03-25T14:24:00","guid":{"rendered":"http:\/\/www.pfadfinderbadblankenburg.de\/wordpress\/?page_id=106"},"modified":"2024-11-12T20:35:23","modified_gmt":"2024-11-12T19:35:23","slug":"pfadfinderzentrum","status":"publish","type":"page","link":"http:\/\/www.pfadfinderbadblankenburg.de\/wordpress\/kontakt\/pfadfinderzentrum\/","title":{"rendered":"Pfadfinderzentrum"},"content":{"rendered":"\n<h3 class=\"wp-block-heading\">Willkommen auf der Herberge Bad Blankenburg<\/h3>\n\n\n\n<div style=\"height:10px\" aria-hidden=\"true\" class=\"wp-block-spacer\"><\/div>\n\n\n<div class=\"wp-block-image\">\n<figure class=\"alignright is-resized\"><img loading=\"lazy\" decoding=\"async\" width=\"300\" height=\"171\" data-attachment-id=\"269\" data-permalink=\"http:\/\/www.pfadfinderbadblankenburg.de\/wordpress\/pfadfinden-in-bad-blankenburg\/unser-landeszentrum\/logo\/\" data-orig-file=\"http:\/\/www.pfadfinderbadblankenburg.de\/wordpress\/wp-content\/uploads\/2016\/03\/logo.jpg\" data-orig-size=\"1452,830\" data-comments-opened=\"1\" data-image-meta=\"{&quot;aperture&quot;:&quot;0&quot;,&quot;credit&quot;:&quot;&quot;,&quot;camera&quot;:&quot;&quot;,&quot;caption&quot;:&quot;&quot;,&quot;created_timestamp&quot;:&quot;0&quot;,&quot;copyright&quot;:&quot;&quot;,&quot;focal_length&quot;:&quot;0&quot;,&quot;iso&quot;:&quot;0&quot;,&quot;shutter_speed&quot;:&quot;0&quot;,&quot;title&quot;:&quot;&quot;,&quot;orientation&quot;:&quot;0&quot;}\" data-image-title=\"logo\" data-image-description=\"\" data-image-caption=\"\" data-large-file=\"http:\/\/www.pfadfinderbadblankenburg.de\/wordpress\/wp-content\/uploads\/2016\/03\/logo-1024x585.jpg\" src=\"http:\/\/www.pfadfinderbadblankenburg.de\/wordpress\/wp-content\/uploads\/2016\/03\/logo-300x171.jpg\" alt=\"logo\" class=\"wp-image-269\" style=\"width:339px;height:auto\" srcset=\"http:\/\/www.pfadfinderbadblankenburg.de\/wordpress\/wp-content\/uploads\/2016\/03\/logo-300x171.jpg 300w, http:\/\/www.pfadfinderbadblankenburg.de\/wordpress\/wp-content\/uploads\/2016\/03\/logo-768x439.jpg 768w, http:\/\/www.pfadfinderbadblankenburg.de\/wordpress\/wp-content\/uploads\/2016\/03\/logo-1024x585.jpg 1024w, http:\/\/www.pfadfinderbadblankenburg.de\/wordpress\/wp-content\/uploads\/2016\/03\/logo.jpg 1452w\" sizes=\"auto, (max-width: 300px) 100vw, 300px\" \/><\/figure>\n<\/div>\n\n\n<p>Unsere Herberge und Pfadfinderzentrum in Bad Blankenburg ist seit 2008 das Herz unseres Landesverbandes. Eingebettet in die idyllische Natur n\u00f6rdlich von Bad Blankenburg und damit rund 60 km von Erfurt entfernt, ist das Haus ein idealer Ort f\u00fcr Gruppen wie uns Pfadfinder, die Natur erleben und Gemeinschaft leben m\u00f6chten. Hier gibt es Raum f\u00fcr Erlebnisse, Lagerfeuerabende und spannende Ausfl\u00fcge. <\/p>\n\n\n\n<p>Kommt vorbei und erlebt Pfadfindergeist in einer Umgebung, die Abenteuer und Entspannung perfekt vereint!<\/p>\n\n\n\n<div style=\"height:10px\" aria-hidden=\"true\" class=\"wp-block-spacer\"><\/div>\n\n\n\n<p><a href=\"http:\/\/www.herberge-badblankenburg.de\/wordpress\/\">Alles Weitere zu unserem Haus findet ihr hier.<\/a><\/p>\n","protected":false},"excerpt":{"rendered":"<p>Willkommen auf der Herberge Bad Blankenburg Unsere Herberge und Pfadfinderzentrum in Bad Blankenburg ist seit 2008 das Herz unseres Landesverbandes. Eingebettet in die idyllische Natur n\u00f6rdlich von Bad Blankenburg und damit rund 60 km von Erfurt entfernt, ist das Haus ein idealer Ort f\u00fcr Gruppen wie uns Pfadfinder, die Natur erleben und Gemeinschaft leben m\u00f6chten. [&hellip;]<\/p>\n","protected":false},"author":1,"featured_media":552,"parent":30,"menu_order":0,"comment_status":"closed","ping_status":"closed","template":"","meta":{"jetpack_post_was_ever_published":false,"footnotes":""},"class_list":["post-106","page","type-page","status-publish","has-post-thumbnail","hentry"],"jetpack_shortlink":"https:\/\/wp.me\/P7nQUU-1I","jetpack_sharing_enabled":true,"_links":{"self":[{"href":"http:\/\/www.pfadfinderbadblankenburg.de\/wordpress\/wp-json\/wp\/v2\/pages\/106","targetHints":{"allow":["GET"]}}],"collection":[{"href":"http:\/\/www.pfadfinderbadblankenburg.de\/wordpress\/wp-json\/wp\/v2\/pages"}],"about":[{"href":"http:\/\/www.pfadfinderbadblankenburg.de\/wordpress\/wp-json\/wp\/v2\/types\/page"}],"author":[{"embeddable":true,"href":"http:\/\/www.pfadfinderbadblankenburg.de\/wordpress\/wp-json\/wp\/v2\/users\/1"}],"replies":[{"embeddable":true,"href":"http:\/\/www.pfadfinderbadblankenburg.de\/wordpress\/wp-json\/wp\/v2\/comments?post=106"}],"version-history":[{"count":12,"href":"http:\/\/www.pfadfinderbadblankenburg.de\/wordpress\/wp-json\/wp\/v2\/pages\/106\/revisions"}],"predecessor-version":[{"id":1274,"href":"http:\/\/www.pfadfinderbadblankenburg.de\/wordpress\/wp-json\/wp\/v2\/pages\/106\/revisions\/1274"}],"up":[{"embeddable":true,"href":"http:\/\/www.pfadfinderbadblankenburg.de\/wordpress\/wp-json\/wp\/v2\/pages\/30"}],"wp:featuredmedia":[{"embeddable":true,"href":"http:\/\/www.pfadfinderbadblankenburg.de\/wordpress\/wp-json\/wp\/v2\/media\/552"}],"wp:attachment":[{"href":"http:\/\/www.pfadfinderbadblankenburg.de\/wordpress\/wp-json\/wp\/v2\/media?parent=106"}],"curies":[{"name":"wp","href":"https:\/\/api.w.org\/{rel}","templated":true}]}}