{"id":108,"date":"2016-03-25T15:24:20","date_gmt":"2016-03-25T14:24:20","guid":{"rendered":"http:\/\/www.pfadfinderbadblankenburg.de\/wordpress\/?page_id=108"},"modified":"2018-11-04T21:24:10","modified_gmt":"2018-11-04T20:24:10","slug":"unsere-partner","status":"publish","type":"page","link":"http:\/\/www.pfadfinderbadblankenburg.de\/wordpress\/kontakt\/unsere-partner\/","title":{"rendered":"Unsere Partner"},"content":{"rendered":"<h3>Eine Hand w\u00e4scht die andere!<\/h3>\n<p>Schon seit vielen Jahren kooperieren wir mit vielen Partnern in Bad Blankenburg und der Region.\u00a0Wir nehmen an \u00f6ffentlichen Veranstaltungen teil, unterst\u00fctzen andere Jugendorganisationen bspw. mit Zeltmaterial oder f\u00fchren erlebnisp\u00e4dagogische Programme mit Kindern und Jugendlichen durch.<\/p>\n<p>An dieser Stelle m\u00f6chten wir die Gelegenheit ergreifen und uns bei allen Partnern f\u00fcr die gute Zusammenarbeit bedanken!<\/p>\n<p>&nbsp;<\/p>\n<h4>Jugendnetzwerk<\/h4>\n<p>Das Jugendnetzwerk in Bad Blankenburg setzt sich aus Engagierten verschiedenster Kinder- und Jugendorganisationen unserer Stadt zusammen. Auch wir als Pfadfinder beteiligen uns an dem Netzwerk und versuchen Freir\u00e4ume und Programme f\u00fcr die Kinder und Jugendlichen in Bad Blankenburg und unserem Landkreis zu schaffen. Dazu z\u00e4hlt beispielsweise auch die Durchf\u00fchrung und Organisation der Kinder- und Jugendwoche &#8222;<a href=\"https:\/\/www.facebook.com\/jungleweek\/?fref=ts\" target=\"_blank\">Jungleweek<\/a>&#8220; in Bad Blankenburg, welche wir unterst\u00fctzen.<\/p>\n<p>&nbsp;<\/p>\n<h4>VTPV<\/h4>\n<p>Unser Landesverband ist Mitglied in der\u00a0\u00a0&#8222;<a href=\"http:\/\/www.vtpv.de\/\" target=\"_blank\">Vertretung Th\u00fcringer Pfadfinderverb\u00e4nde e.V.<\/a>&#8220; und somit profitieren auch wir als\u00a0Stamm. Der VTPV ist Mitglied im Landesjugendring Th\u00fcringen und vertritt dort die Interessen der Mitgliedspfadfinderverb\u00e4nde in Th\u00fcringen auf Landesebene.<\/p>\n<p>&nbsp;<\/p>\n<h4>Herberge und Pfadfinderzentrum &#8222;Zum Greifenstein&#8220;<\/h4>\n<p>Zu Beginn des Jahres 2008 hat unser Landesverband die ehemalige Jugendherberge in Bad Blankenburg \u00fcbernommen und betreibt diese seit dem weiter als <a href=\"http:\/\/www.herberge-badblankenburg.de\" target=\"_blank\">Gruppenhaus, Jugendbildungsst\u00e4tte und Pfadfinderzentrum<\/a>. Wir, als ortsans\u00e4ssiger Stamm, unterst\u00fctzen ehrenamtlich die Arbeit im Pfadfinderzentrum, sei es bei Renovierungsarbeiten, der Pflege im Au\u00dfengel\u00e4nde oder bei der Durchf\u00fchrung von Programmen mit Schulklassen. Im Gegenzug k\u00f6nnen wir das Pfadfinderzentrum f\u00fcr Gruppenstunden, als Stammesheim und f\u00fcr Veranstaltungen nutzen.<\/p>\n","protected":false},"excerpt":{"rendered":"<p>Eine Hand w\u00e4scht die andere! Schon seit vielen Jahren kooperieren wir mit vielen Partnern in Bad Blankenburg und der Region.\u00a0Wir nehmen an \u00f6ffentlichen Veranstaltungen teil, unterst\u00fctzen andere Jugendorganisationen bspw. mit Zeltmaterial oder f\u00fchren erlebnisp\u00e4dagogische Programme mit Kindern und Jugendlichen durch. An dieser Stelle m\u00f6chten wir die Gelegenheit ergreifen und uns bei allen Partnern f\u00fcr die [&hellip;]<\/p>\n","protected":false},"author":1,"featured_media":539,"parent":30,"menu_order":0,"comment_status":"closed","ping_status":"closed","template":"","meta":{"jetpack_post_was_ever_published":false,"footnotes":""},"class_list":["post-108","page","type-page","status-publish","has-post-thumbnail","hentry"],"jetpack_shortlink":"https:\/\/wp.me\/P7nQUU-1K","jetpack_sharing_enabled":true,"_links":{"self":[{"href":"http:\/\/www.pfadfinderbadblankenburg.de\/wordpress\/wp-json\/wp\/v2\/pages\/108","targetHints":{"allow":["GET"]}}],"collection":[{"href":"http:\/\/www.pfadfinderbadblankenburg.de\/wordpress\/wp-json\/wp\/v2\/pages"}],"about":[{"href":"http:\/\/www.pfadfinderbadblankenburg.de\/wordpress\/wp-json\/wp\/v2\/types\/page"}],"author":[{"embeddable":true,"href":"http:\/\/www.pfadfinderbadblankenburg.de\/wordpress\/wp-json\/wp\/v2\/users\/1"}],"replies":[{"embeddable":true,"href":"http:\/\/www.pfadfinderbadblankenburg.de\/wordpress\/wp-json\/wp\/v2\/comments?post=108"}],"version-history":[{"count":8,"href":"http:\/\/www.pfadfinderbadblankenburg.de\/wordpress\/wp-json\/wp\/v2\/pages\/108\/revisions"}],"predecessor-version":[{"id":911,"href":"http:\/\/www.pfadfinderbadblankenburg.de\/wordpress\/wp-json\/wp\/v2\/pages\/108\/revisions\/911"}],"up":[{"embeddable":true,"href":"http:\/\/www.pfadfinderbadblankenburg.de\/wordpress\/wp-json\/wp\/v2\/pages\/30"}],"wp:featuredmedia":[{"embeddable":true,"href":"http:\/\/www.pfadfinderbadblankenburg.de\/wordpress\/wp-json\/wp\/v2\/media\/539"}],"wp:attachment":[{"href":"http:\/\/www.pfadfinderbadblankenburg.de\/wordpress\/wp-json\/wp\/v2\/media?parent=108"}],"curies":[{"name":"wp","href":"https:\/\/api.w.org\/{rel}","templated":true}]}}