{"id":122,"date":"2016-03-25T15:28:37","date_gmt":"2016-03-25T14:28:37","guid":{"rendered":"http:\/\/www.pfadfinderbadblankenburg.de\/wordpress\/?page_id=122"},"modified":"2016-04-28T00:37:03","modified_gmt":"2016-04-27T22:37:03","slug":"spenden","status":"publish","type":"page","link":"http:\/\/www.pfadfinderbadblankenburg.de\/wordpress\/spenden\/","title":{"rendered":"Spenden"},"content":{"rendered":"<h3>Jeden Tag eine gute Tat!<\/h3>\n<p>Wir wollen Pfadfindern, Kindern und Jugendlichen die M\u00f6glichkeit bieten, ihre Ideen selbstst\u00e4ndig umzusetzen und Ihnen Raum f\u00fcr gemeinsame Treffen und Erlebnisse schaffen.<\/p>\n<p>Dabei sind wir auch immer auf finanzielle Mittel angewiesen und beteiligen uns bereits an vielen tollen Projekten, um etwas Gutes zu tun und gleichzeitig unsere Stammeskasse aufzubessern. Dabei k\u00f6nnen Sie uns unterst\u00fctzen!<\/p>\n<p>&nbsp;<\/p>\n<h4>Sofort spenden<\/h4>\n<p>Aktuell k\u00f6nnen Sie direkt \u00fcber unser <a href=\"http:\/\/www.pfadfinderbadblankenburg.de\/wordpress\/bildungsspender\/\">Bildungsspender Projekt<\/a> spenden, demn\u00e4chst wird es aber auch ein eigenes Spendenkonto geben.<\/p>\n<p><!-- Anfang Bildungsspender --><\/p>\n<div style=\"text-align: center;\"><a href=\"https:\/\/bildungsspender.de\/donation.php?org_id=407422001\" target=\"_blank\"><img loading=\"lazy\" decoding=\"async\" title=\"Jetzt spenden\" src=\"https:\/\/bildungsspender.de\/images\/banner\/spenden_zahlungsmittel_gr.png\" alt=\"Jetzt spenden\" width=\"180\" height=\"116\" border=\"0\" \/><\/a><\/div>\n<p><!-- Ende Bildungsspender --><br \/>\nBei Bedarf stellen wir Ihnen nat\u00fcrlich auch gerne\u00a0eine Spendenquittung aus.<\/p>\n<p>&nbsp;<\/p>\n<h4>Bildungsspender<\/h4>\n<p>\u00dcber Bildungsspender kann man ganz einfach beim Online Shoppen Geld spenden &#8211; ohne dabei selber mehr f\u00fcr seinen Einkauf zu bezahlen! Hier gibt es weitere Informationen zu unserem Projekt: <a href=\"http:\/\/www.pfadfinderbadblankenburg.de\/wordpress\/bildungsspender\/\">Bildungsspender<\/a><\/p>\n<p>&nbsp;<\/p>\n<h4>Altpapier sammeln<\/h4>\n<p>In unserem Pfadfinderzentrum sammeln wir Altpapier und da kommt eine ganze Menge zusammen! Pro vollen Altpapiercontainer bekommen wir 60 EUR f\u00fcr unsere Stammeskasse. Gesammeltes Altpapier (keine Pappe, ungeb\u00fcndelt) kann jederzeit in unserem <a href=\"http:\/\/www.pfadfinderbadblankenburg.de\/wordpress\/pfadfinden-in-bad-blankenburg\/unser-landeszentrum\/\">Pfadfinderzentrum<\/a> vorbei gebracht werden.<\/p>\n<p>&nbsp;<\/p>\n<h4>Happy Handy<\/h4>\n<p>So ziemlich jeder hat alte Handys zu Hause rumliegen, die nicht mehr gebraucht werden und in einer Schublade verstauben. Wir beteiligen uns an der Aktion &#8222;Happy Handy!&#8220;, bei welcher die alten Ger\u00e4te recycelt werden und wir so pro altem Handy 1 EUR bekommen.<\/p>\n","protected":false},"excerpt":{"rendered":"<p>Jeden Tag eine gute Tat! Wir wollen Pfadfindern, Kindern und Jugendlichen die M\u00f6glichkeit bieten, ihre Ideen selbstst\u00e4ndig umzusetzen und Ihnen Raum f\u00fcr gemeinsame Treffen und Erlebnisse schaffen. Dabei sind wir auch immer auf finanzielle Mittel angewiesen und beteiligen uns bereits an vielen tollen Projekten, um etwas Gutes zu tun und gleichzeitig unsere Stammeskasse aufzubessern. Dabei [&hellip;]<\/p>\n","protected":false},"author":1,"featured_media":547,"parent":0,"menu_order":0,"comment_status":"closed","ping_status":"closed","template":"","meta":{"jetpack_post_was_ever_published":false,"footnotes":""},"class_list":["post-122","page","type-page","status-publish","has-post-thumbnail","hentry"],"jetpack_shortlink":"https:\/\/wp.me\/P7nQUU-1Y","jetpack_sharing_enabled":true,"_links":{"self":[{"href":"http:\/\/www.pfadfinderbadblankenburg.de\/wordpress\/wp-json\/wp\/v2\/pages\/122","targetHints":{"allow":["GET"]}}],"collection":[{"href":"http:\/\/www.pfadfinderbadblankenburg.de\/wordpress\/wp-json\/wp\/v2\/pages"}],"about":[{"href":"http:\/\/www.pfadfinderbadblankenburg.de\/wordpress\/wp-json\/wp\/v2\/types\/page"}],"author":[{"embeddable":true,"href":"http:\/\/www.pfadfinderbadblankenburg.de\/wordpress\/wp-json\/wp\/v2\/users\/1"}],"replies":[{"embeddable":true,"href":"http:\/\/www.pfadfinderbadblankenburg.de\/wordpress\/wp-json\/wp\/v2\/comments?post=122"}],"version-history":[{"count":7,"href":"http:\/\/www.pfadfinderbadblankenburg.de\/wordpress\/wp-json\/wp\/v2\/pages\/122\/revisions"}],"predecessor-version":[{"id":367,"href":"http:\/\/www.pfadfinderbadblankenburg.de\/wordpress\/wp-json\/wp\/v2\/pages\/122\/revisions\/367"}],"wp:featuredmedia":[{"embeddable":true,"href":"http:\/\/www.pfadfinderbadblankenburg.de\/wordpress\/wp-json\/wp\/v2\/media\/547"}],"wp:attachment":[{"href":"http:\/\/www.pfadfinderbadblankenburg.de\/wordpress\/wp-json\/wp\/v2\/media?parent=122"}],"curies":[{"name":"wp","href":"https:\/\/api.w.org\/{rel}","templated":true}]}}