{"id":298,"date":"2016-03-26T11:15:20","date_gmt":"2016-03-26T10:15:20","guid":{"rendered":"http:\/\/www.pfadfinderbadblankenburg.de\/wordpress\/?page_id=298"},"modified":"2016-04-28T00:34:45","modified_gmt":"2016-04-27T22:34:45","slug":"gruppenstunden-2","status":"publish","type":"page","link":"http:\/\/www.pfadfinderbadblankenburg.de\/wordpress\/aktivitaeten\/gruppenstunden-2\/","title":{"rendered":"Gruppenstunden"},"content":{"rendered":"<h3>W\u00f6chentlich treffen und gemeinsam Spa\u00df haben!<\/h3>\n<p>Die verschiedenen Altersstufen im Stamm sind in Gruppen gegliedert. Ohne die ehrenamtlichen Leiterinnen und Leiter l\u00e4uft dabei nichts: Sie organisieren nicht nur die w\u00f6chentlichen Gruppentreffen, sondern f\u00fchren auch mit gro\u00dfem Engagement Fahrten und Lager durch &#8211; in der eigenen Region, in Deutschland oder im Ausland.<\/p>\n<ul>\n<li>Bei den <a href=\"http:\/\/www.pfadfinderbadblankenburg.de\/wordpress\/stufen\/woelflinge\/\">W\u00f6lflingen<\/a> (7 bis 11 Jahre) hei\u00dft die Gruppe Meute,<\/li>\n<li>bei den <a href=\"http:\/\/www.pfadfinderbadblankenburg.de\/wordpress\/stufen\/pfadfinder\/\">Pfadfinderinnen und Pfadfindern<\/a> (12 bis 16 Jahre) Sippe oder Gilde,<\/li>\n<li>bei den <a href=\"http:\/\/www.pfadfinderbadblankenburg.de\/wordpress\/stufen\/rangerrover\/\">Ranger\/Rovern<\/a> (17 bis 25 Jahre) Runde.<\/li>\n<\/ul>\n<p>Unsere Gruppenstunden finden meistens in unserem Stammesheim statt, im <a href=\"http:\/\/www.pfadfinderbadblankenburg.de\/wordpress\/pfadfinden-in-bad-blankenburg\/unser-landeszentrum\/\">Herberge und Pfadfinderzentrum &#8222;Zum Greifenstein&#8220;<\/a> in Bad Blankenburg. Gerade im Sommer geht es aber auch oft nach drau\u00dfen in die Natur.<\/p>\n","protected":false},"excerpt":{"rendered":"<p>W\u00f6chentlich treffen und gemeinsam Spa\u00df haben! Die verschiedenen Altersstufen im Stamm sind in Gruppen gegliedert. Ohne die ehrenamtlichen Leiterinnen und Leiter l\u00e4uft dabei nichts: Sie organisieren nicht nur die w\u00f6chentlichen Gruppentreffen, sondern f\u00fchren auch mit gro\u00dfem Engagement Fahrten und Lager durch &#8211; in der eigenen Region, in Deutschland oder im Ausland. Bei den W\u00f6lflingen (7 [&hellip;]<\/p>\n","protected":false},"author":1,"featured_media":544,"parent":12,"menu_order":0,"comment_status":"closed","ping_status":"closed","template":"","meta":{"jetpack_post_was_ever_published":false,"footnotes":""},"class_list":["post-298","page","type-page","status-publish","has-post-thumbnail","hentry"],"jetpack_shortlink":"https:\/\/wp.me\/P7nQUU-4O","jetpack_sharing_enabled":true,"_links":{"self":[{"href":"http:\/\/www.pfadfinderbadblankenburg.de\/wordpress\/wp-json\/wp\/v2\/pages\/298","targetHints":{"allow":["GET"]}}],"collection":[{"href":"http:\/\/www.pfadfinderbadblankenburg.de\/wordpress\/wp-json\/wp\/v2\/pages"}],"about":[{"href":"http:\/\/www.pfadfinderbadblankenburg.de\/wordpress\/wp-json\/wp\/v2\/types\/page"}],"author":[{"embeddable":true,"href":"http:\/\/www.pfadfinderbadblankenburg.de\/wordpress\/wp-json\/wp\/v2\/users\/1"}],"replies":[{"embeddable":true,"href":"http:\/\/www.pfadfinderbadblankenburg.de\/wordpress\/wp-json\/wp\/v2\/comments?post=298"}],"version-history":[{"count":4,"href":"http:\/\/www.pfadfinderbadblankenburg.de\/wordpress\/wp-json\/wp\/v2\/pages\/298\/revisions"}],"predecessor-version":[{"id":303,"href":"http:\/\/www.pfadfinderbadblankenburg.de\/wordpress\/wp-json\/wp\/v2\/pages\/298\/revisions\/303"}],"up":[{"embeddable":true,"href":"http:\/\/www.pfadfinderbadblankenburg.de\/wordpress\/wp-json\/wp\/v2\/pages\/12"}],"wp:featuredmedia":[{"embeddable":true,"href":"http:\/\/www.pfadfinderbadblankenburg.de\/wordpress\/wp-json\/wp\/v2\/media\/544"}],"wp:attachment":[{"href":"http:\/\/www.pfadfinderbadblankenburg.de\/wordpress\/wp-json\/wp\/v2\/media?parent=298"}],"curies":[{"name":"wp","href":"https:\/\/api.w.org\/{rel}","templated":true}]}}