{"id":357,"date":"2016-03-26T14:14:30","date_gmt":"2016-03-26T13:14:30","guid":{"rendered":"http:\/\/www.pfadfinderbadblankenburg.de\/wordpress\/?page_id=357"},"modified":"2016-05-12T20:48:45","modified_gmt":"2016-05-12T18:48:45","slug":"bildungsspender","status":"publish","type":"page","link":"http:\/\/www.pfadfinderbadblankenburg.de\/wordpress\/bildungsspender\/","title":{"rendered":"Bildungsspender"},"content":{"rendered":"<h3>Wir sammeln f\u00fcr unsere Pfadfinder!<\/h3>\n<p><img loading=\"lazy\" decoding=\"async\" data-attachment-id=\"364\" data-permalink=\"http:\/\/www.pfadfinderbadblankenburg.de\/wordpress\/bildungsspender\/logo_bildungsspender\/\" data-orig-file=\"http:\/\/www.pfadfinderbadblankenburg.de\/wordpress\/wp-content\/uploads\/2016\/03\/logo_bildungsspender.png\" data-orig-size=\"91,75\" data-comments-opened=\"1\" data-image-meta=\"{&quot;aperture&quot;:&quot;0&quot;,&quot;credit&quot;:&quot;&quot;,&quot;camera&quot;:&quot;&quot;,&quot;caption&quot;:&quot;&quot;,&quot;created_timestamp&quot;:&quot;0&quot;,&quot;copyright&quot;:&quot;&quot;,&quot;focal_length&quot;:&quot;0&quot;,&quot;iso&quot;:&quot;0&quot;,&quot;shutter_speed&quot;:&quot;0&quot;,&quot;title&quot;:&quot;&quot;,&quot;orientation&quot;:&quot;0&quot;}\" data-image-title=\"logo_bildungsspender\" data-image-description=\"\" data-image-caption=\"\" data-large-file=\"http:\/\/www.pfadfinderbadblankenburg.de\/wordpress\/wp-content\/uploads\/2016\/03\/logo_bildungsspender.png\" class=\"alignright size-full wp-image-364\" src=\"http:\/\/www.pfadfinderbadblankenburg.de\/wordpress\/wp-content\/uploads\/2016\/03\/logo_bildungsspender.png\" alt=\"logo_bildungsspender\" width=\"91\" height=\"75\" \/><\/p>\n<p>Wir wollen Pfadfindern, Kindern und Jugendlichen die M\u00f6glichkeit bieten, ihre Ideen selbstst\u00e4ndig umzusetzen und Ihnen Raum f\u00fcr gemeinsame Treffen schaffen. Auf Grundlage dieses Gedanken wurde das <strong>Projekt Pfadi-H\u00fctte<\/strong> in unserem Pfadfinderzentrum ins Leben gerufen.<\/p>\n<p>Unsere Pfadfinder haben es sich zum Ziel gesetzt, eine alte Gartenh\u00fctte im Gel\u00e4nde der Herberge zu renovieren, um diese dann f\u00fcr Gruppenstunden, gemeinsame Treffen und Pfadfinderaktionen zu nutzen. Die Herberge und viele ehrenamtliche Helfer unterst\u00fctzen sie dabei.<\/p>\n<p>Wenn auch Sie unsere Pfadfinder und ihr Projekt unterst\u00fctzen wollen, so k\u00f6nnen Sie das ganz einfach \u00fcber unser <strong>Bildungsspender Projekt<\/strong> verwirklichen! Wie funktioniert das? Wenn Sie bei einem der \u00fcber 1400 bei Bildungsspender registrierten Onlineshops einkaufen, wird ein bestimmter Prozentsatz Ihres Einkaufs an unser Projekt gespendet! Ihnen entstehen dabei keinerlei Mehrkosten, Sie m\u00fcssen nur \u00fcber ein paar mehr Klicks den jeweiligen Shop aufrufen. Dazu gehen Sie einfach auf unsere Projektseite:<\/p>\n<p>&nbsp;<\/p>\n<p><!-- Anfang Bildungsspender --><\/p>\n<div style=\"text-align: center;\"><iframe loading=\"lazy\" src=\"http:\/\/www.bildungsspender.de\/html\/projektspendenstandbanner.php?kt=407422001\" width=\"200\" height=\"150\" frameborder=\"0\" scrolling=\"no\"><\/iframe><\/div>\n<p><!-- Ende Bildungsspender --><br \/>\nund suchen nach Ihrem Onlineshop. Ist der Shop vorhanden, w\u00e4hlen Sie ihn aus und t\u00e4tigen ganz normal Ihren Einkauf. Automatisch erh\u00e4lt unser Projekt so eine kleine Spende, ohne das Sie mehr zahlen m\u00fcssen!<\/p>\n<p>Nat\u00fcrlich k\u00f6nnen Sie auch ohne Shoppen spenden:<br \/>\n<!-- Anfang Bildungsspender --><\/p>\n<div style=\"text-align: center;\"><a href=\"https:\/\/bildungsspender.de\/donation.php?org_id=407422001\" target=\"_blank\"><img loading=\"lazy\" decoding=\"async\" title=\"Jetzt spenden\" src=\"https:\/\/bildungsspender.de\/images\/banner\/spenden_zahlungsmittel_gr.png\" alt=\"Jetzt spenden\" width=\"180\" height=\"116\" border=\"0\" \/><\/a><\/div>\n<p><!-- Ende Bildungsspender --><\/p>\n<p>&nbsp;<\/p>\n<p>Ihre Spenden gehen direkt in die Renovierung und den Umbau der Pfadi-H\u00fctte. <strong>Vielen Dank f\u00fcr Ihre Unterst\u00fctzung!<\/strong><\/p>\n","protected":false},"excerpt":{"rendered":"<p>Wir sammeln f\u00fcr unsere Pfadfinder! Wir wollen Pfadfindern, Kindern und Jugendlichen die M\u00f6glichkeit bieten, ihre Ideen selbstst\u00e4ndig umzusetzen und Ihnen Raum f\u00fcr gemeinsame Treffen schaffen. Auf Grundlage dieses Gedanken wurde das Projekt Pfadi-H\u00fctte in unserem Pfadfinderzentrum ins Leben gerufen. Unsere Pfadfinder haben es sich zum Ziel gesetzt, eine alte Gartenh\u00fctte im Gel\u00e4nde der Herberge zu [&hellip;]<\/p>\n","protected":false},"author":1,"featured_media":680,"parent":0,"menu_order":0,"comment_status":"closed","ping_status":"closed","template":"","meta":{"jetpack_post_was_ever_published":false,"footnotes":""},"class_list":["post-357","page","type-page","status-publish","has-post-thumbnail","hentry"],"jetpack_shortlink":"https:\/\/wp.me\/P7nQUU-5L","jetpack_sharing_enabled":true,"_links":{"self":[{"href":"http:\/\/www.pfadfinderbadblankenburg.de\/wordpress\/wp-json\/wp\/v2\/pages\/357","targetHints":{"allow":["GET"]}}],"collection":[{"href":"http:\/\/www.pfadfinderbadblankenburg.de\/wordpress\/wp-json\/wp\/v2\/pages"}],"about":[{"href":"http:\/\/www.pfadfinderbadblankenburg.de\/wordpress\/wp-json\/wp\/v2\/types\/page"}],"author":[{"embeddable":true,"href":"http:\/\/www.pfadfinderbadblankenburg.de\/wordpress\/wp-json\/wp\/v2\/users\/1"}],"replies":[{"embeddable":true,"href":"http:\/\/www.pfadfinderbadblankenburg.de\/wordpress\/wp-json\/wp\/v2\/comments?post=357"}],"version-history":[{"count":3,"href":"http:\/\/www.pfadfinderbadblankenburg.de\/wordpress\/wp-json\/wp\/v2\/pages\/357\/revisions"}],"predecessor-version":[{"id":365,"href":"http:\/\/www.pfadfinderbadblankenburg.de\/wordpress\/wp-json\/wp\/v2\/pages\/357\/revisions\/365"}],"wp:featuredmedia":[{"embeddable":true,"href":"http:\/\/www.pfadfinderbadblankenburg.de\/wordpress\/wp-json\/wp\/v2\/media\/680"}],"wp:attachment":[{"href":"http:\/\/www.pfadfinderbadblankenburg.de\/wordpress\/wp-json\/wp\/v2\/media?parent=357"}],"curies":[{"name":"wp","href":"https:\/\/api.w.org\/{rel}","templated":true}]}}