{"id":442,"date":"2016-03-26T16:08:05","date_gmt":"2016-03-26T15:08:05","guid":{"rendered":"http:\/\/www.pfadfinderbadblankenburg.de\/wordpress\/?page_id=442"},"modified":"2016-04-18T23:28:33","modified_gmt":"2016-04-18T21:28:33","slug":"schottland-2015-2","status":"publish","type":"page","link":"http:\/\/www.pfadfinderbadblankenburg.de\/wordpress\/archiv\/schottland-2015-2\/","title":{"rendered":"Schottland 2015"},"content":{"rendered":"<h3>Sommerfahrt Schottland 2015<\/h3>\n<p>2015 war es wieder so weit: Auslandsfahrt im Sommer! Dieses Jahr ging es quer durch Schottland: von Galsgow \u00fcber den West Highland Way nach Fort William, zum h\u00f6chsten Berg Gro\u00dfbritanniens, dem Ben Nevis und weiter \u00fcber die Isle of Skye zur schottischen Hauptstadt Edinburgh.<\/p>\n<p>Jupfis wurden zu Pfadis, Pfadis zu R\/Rs &#8211; vielen Dank an das Orgteam und alle Teilnehmer, es waren unvergessliche Erlebnisse!<\/p>\n<p>&nbsp;<\/p>\n<p><img decoding=\"async\" class=\"ngg_displayed_gallery mceItem\" src=\"http:\/\/www.pfadfinderbadblankenburg.de\/wordpress\/nextgen-attach_to_post\/preview\/id--443\" alt=\"\" data-mce-placeholder=\"1\" \/><\/p>\n","protected":false},"excerpt":{"rendered":"<p>Sommerfahrt Schottland 2015 2015 war es wieder so weit: Auslandsfahrt im Sommer! Dieses Jahr ging es quer durch Schottland: von Galsgow \u00fcber den West Highland Way nach Fort William, zum h\u00f6chsten Berg Gro\u00dfbritanniens, dem Ben Nevis und weiter \u00fcber die Isle of Skye zur schottischen Hauptstadt Edinburgh. Jupfis wurden zu Pfadis, Pfadis zu R\/Rs &#8211; [&hellip;]<\/p>\n","protected":false},"author":1,"featured_media":210,"parent":437,"menu_order":0,"comment_status":"closed","ping_status":"closed","template":"","meta":{"jetpack_post_was_ever_published":false,"footnotes":""},"class_list":["post-442","page","type-page","status-publish","has-post-thumbnail","hentry"],"jetpack_shortlink":"https:\/\/wp.me\/P7nQUU-78","jetpack_sharing_enabled":true,"_links":{"self":[{"href":"http:\/\/www.pfadfinderbadblankenburg.de\/wordpress\/wp-json\/wp\/v2\/pages\/442","targetHints":{"allow":["GET"]}}],"collection":[{"href":"http:\/\/www.pfadfinderbadblankenburg.de\/wordpress\/wp-json\/wp\/v2\/pages"}],"about":[{"href":"http:\/\/www.pfadfinderbadblankenburg.de\/wordpress\/wp-json\/wp\/v2\/types\/page"}],"author":[{"embeddable":true,"href":"http:\/\/www.pfadfinderbadblankenburg.de\/wordpress\/wp-json\/wp\/v2\/users\/1"}],"replies":[{"embeddable":true,"href":"http:\/\/www.pfadfinderbadblankenburg.de\/wordpress\/wp-json\/wp\/v2\/comments?post=442"}],"version-history":[{"count":2,"href":"http:\/\/www.pfadfinderbadblankenburg.de\/wordpress\/wp-json\/wp\/v2\/pages\/442\/revisions"}],"predecessor-version":[{"id":463,"href":"http:\/\/www.pfadfinderbadblankenburg.de\/wordpress\/wp-json\/wp\/v2\/pages\/442\/revisions\/463"}],"up":[{"embeddable":true,"href":"http:\/\/www.pfadfinderbadblankenburg.de\/wordpress\/wp-json\/wp\/v2\/pages\/437"}],"wp:featuredmedia":[{"embeddable":true,"href":"http:\/\/www.pfadfinderbadblankenburg.de\/wordpress\/wp-json\/wp\/v2\/media\/210"}],"wp:attachment":[{"href":"http:\/\/www.pfadfinderbadblankenburg.de\/wordpress\/wp-json\/wp\/v2\/media?parent=442"}],"curies":[{"name":"wp","href":"https:\/\/api.w.org\/{rel}","templated":true}]}}