{"id":83,"date":"2016-03-25T15:18:34","date_gmt":"2016-03-25T14:18:34","guid":{"rendered":"http:\/\/www.pfadfinderbadblankenburg.de\/wordpress\/?page_id=83"},"modified":"2026-01-05T15:13:40","modified_gmt":"2026-01-05T14:13:40","slug":"woelflinge","status":"publish","type":"page","link":"http:\/\/www.pfadfinderbadblankenburg.de\/wordpress\/stufen\/woelflinge\/","title":{"rendered":"W\u00f6lflinge"},"content":{"rendered":"<p><img loading=\"lazy\" decoding=\"async\" data-attachment-id=\"141\" data-permalink=\"http:\/\/www.pfadfinderbadblankenburg.de\/wordpress\/stufen\/wolf-2\/\" data-orig-file=\"http:\/\/www.pfadfinderbadblankenburg.de\/wordpress\/wp-content\/uploads\/2016\/03\/Wolf-1.png\" data-orig-size=\"988,968\" data-comments-opened=\"1\" data-image-meta=\"{&quot;aperture&quot;:&quot;0&quot;,&quot;credit&quot;:&quot;&quot;,&quot;camera&quot;:&quot;&quot;,&quot;caption&quot;:&quot;&quot;,&quot;created_timestamp&quot;:&quot;0&quot;,&quot;copyright&quot;:&quot;&quot;,&quot;focal_length&quot;:&quot;0&quot;,&quot;iso&quot;:&quot;0&quot;,&quot;shutter_speed&quot;:&quot;0&quot;,&quot;title&quot;:&quot;&quot;,&quot;orientation&quot;:&quot;0&quot;}\" data-image-title=\"Wolf\" data-image-description=\"\" data-image-caption=\"\" data-large-file=\"http:\/\/www.pfadfinderbadblankenburg.de\/wordpress\/wp-content\/uploads\/2016\/03\/Wolf-1.png\" class=\"alignright size-thumbnail wp-image-141\" src=\"http:\/\/www.pfadfinderbadblankenburg.de\/wordpress\/wp-content\/uploads\/2016\/03\/Wolf-1-150x150.png\" alt=\"Wolf\" width=\"150\" height=\"150\" \/><\/p>\n<h3>Willkommen in der Meute!<\/h3>\n<p><strong>W\u00f6lflinge<\/strong> sind die Jungen und M\u00e4dchen im Alter von <strong>sieben bis elf Jahren<\/strong>. Zusammen bilden wir eine Gruppe von ca. zehn bis drei\u00dfig Kindern, die wir die &#8222;<strong>Meute<\/strong>&#8220; nennen. Wir treffen uns einmal in der Woche zum Meutentreffen und unternehmen gemeinsam lustige und spannende Dinge.<\/p>\n<h4>Was machen wir bei einem Meutentreffen?<\/h4>\n<p>Alles, was wir tun soll uns Spa\u00df machen. Dazu geh\u00f6rt f\u00fcr uns spielen und basteln, singen und musizieren, sich verkleiden, die Natur entdecken, Abenteuer erleben und viele gute Freunde finden. Aber wir wollen auch bei jedem Treffen etwas lernen. Deshalb tauchen wir manchmal ins Reich der Indianer ein, sind Piraten auf den Weltmeeren, reiten mit unserem Besen um den Blocksberg, unternehmen eine Dschungelexpedition oder spielen einen Zirkus nach. Dabei lernen wir viel \u00fcber andere L\u00e4nder, andere Kulturen und Br\u00e4uche, und lassen unserer Fantasie freien Lauf.<\/p>\n<h4>Lust auf Abenteuer?<\/h4>\n<p>Wenn auch Du Lust hast, tolle Abenteuer zu erleben, und wenn Du zwischen sieben und elf Jahren alt bist, dann komme doch einfach zu den W\u00f6lflingen!<\/p>\n<p>Wir treffen uns immer w\u00f6chentlich in unserem <a href=\"http:\/\/www.pfadfinderbadblankenburg.de\/wordpress\/kontakt\/pfadfinderzentrum\/\">Pfadfinderzentrum<\/a> in Bad Blankenburg.<\/p>\n","protected":false},"excerpt":{"rendered":"<p>Willkommen in der Meute! W\u00f6lflinge sind die Jungen und M\u00e4dchen im Alter von sieben bis elf Jahren. Zusammen bilden wir eine Gruppe von ca. zehn bis drei\u00dfig Kindern, die wir die &#8222;Meute&#8220; nennen. Wir treffen uns einmal in der Woche zum Meutentreffen und unternehmen gemeinsam lustige und spannende Dinge. Was machen wir bei einem Meutentreffen? [&hellip;]<\/p>\n","protected":false},"author":1,"featured_media":618,"parent":49,"menu_order":0,"comment_status":"closed","ping_status":"closed","template":"","meta":{"jetpack_post_was_ever_published":false,"footnotes":""},"class_list":["post-83","page","type-page","status-publish","has-post-thumbnail","hentry"],"jetpack_shortlink":"https:\/\/wp.me\/P7nQUU-1l","jetpack_sharing_enabled":true,"_links":{"self":[{"href":"http:\/\/www.pfadfinderbadblankenburg.de\/wordpress\/wp-json\/wp\/v2\/pages\/83","targetHints":{"allow":["GET"]}}],"collection":[{"href":"http:\/\/www.pfadfinderbadblankenburg.de\/wordpress\/wp-json\/wp\/v2\/pages"}],"about":[{"href":"http:\/\/www.pfadfinderbadblankenburg.de\/wordpress\/wp-json\/wp\/v2\/types\/page"}],"author":[{"embeddable":true,"href":"http:\/\/www.pfadfinderbadblankenburg.de\/wordpress\/wp-json\/wp\/v2\/users\/1"}],"replies":[{"embeddable":true,"href":"http:\/\/www.pfadfinderbadblankenburg.de\/wordpress\/wp-json\/wp\/v2\/comments?post=83"}],"version-history":[{"count":46,"href":"http:\/\/www.pfadfinderbadblankenburg.de\/wordpress\/wp-json\/wp\/v2\/pages\/83\/revisions"}],"predecessor-version":[{"id":1364,"href":"http:\/\/www.pfadfinderbadblankenburg.de\/wordpress\/wp-json\/wp\/v2\/pages\/83\/revisions\/1364"}],"up":[{"embeddable":true,"href":"http:\/\/www.pfadfinderbadblankenburg.de\/wordpress\/wp-json\/wp\/v2\/pages\/49"}],"wp:featuredmedia":[{"embeddable":true,"href":"http:\/\/www.pfadfinderbadblankenburg.de\/wordpress\/wp-json\/wp\/v2\/media\/618"}],"wp:attachment":[{"href":"http:\/\/www.pfadfinderbadblankenburg.de\/wordpress\/wp-json\/wp\/v2\/media?parent=83"}],"curies":[{"name":"wp","href":"https:\/\/api.w.org\/{rel}","templated":true}]}}