{"id":104,"date":"2016-03-25T15:23:19","date_gmt":"2016-03-25T14:23:19","guid":{"rendered":"http:\/\/www.pfadfinderbadblankenburg.de\/wordpress\/?page_id=104"},"modified":"2024-11-12T20:33:25","modified_gmt":"2024-11-12T19:33:25","slug":"landesverband","status":"publish","type":"page","link":"https:\/\/www.pfadfinderbadblankenburg.de\/wordpress\/kontakt\/landesverband\/","title":{"rendered":"Landesverband"},"content":{"rendered":"<p>\u00a0<\/p>\n<h3>Landesleitung<\/h3>\n<p>\u00a0<\/p>\n\n\n<p>Der Landesvorstand vertritt unsere Interessen im Bund und organisiert Landesveranstaltungen an denen die St\u00e4mme des Landesverbandes teilnehmen k\u00f6nnen. <\/p>\n\n\n\n<p>Gleichzeitig unterst\u00fctzt und ber\u00e4t die Landesleitung bei Schwierigkeiten und Problemen.<\/p>\n\n\n\n<p>Der Landesvorstand wird im regelm\u00e4\u00dfigen Turnus zur Landesversammlung gew\u00e4hlt.<\/p>\n\n\n\n<p><a href=\"http:\/\/pfadfinden-thueringen.de\/der-landesverband\/landesleitung\/\" data-type=\"link\" data-id=\"http:\/\/pfadfinden-thueringen.de\/der-landesverband\/landesleitung\/\">Klicke f\u00fcr weitere Infos auf diesen Link.<\/a><\/p>\n","protected":false},"excerpt":{"rendered":"<p>\u00a0 Landesleitung \u00a0 Der Landesvorstand vertritt unsere Interessen im Bund und organisiert Landesveranstaltungen an denen die St\u00e4mme des Landesverbandes teilnehmen k\u00f6nnen. Gleichzeitig unterst\u00fctzt und ber\u00e4t die Landesleitung bei Schwierigkeiten und Problemen. Der Landesvorstand wird im regelm\u00e4\u00dfigen Turnus zur Landesversammlung gew\u00e4hlt. Klicke f\u00fcr weitere Infos auf diesen Link.<\/p>\n","protected":false},"author":1,"featured_media":680,"parent":30,"menu_order":0,"comment_status":"closed","ping_status":"closed","template":"","meta":{"jetpack_post_was_ever_published":false,"footnotes":""},"class_list":["post-104","page","type-page","status-publish","has-post-thumbnail","hentry"],"jetpack_shortlink":"https:\/\/wp.me\/P7nQUU-1G","jetpack_sharing_enabled":true,"_links":{"self":[{"href":"https:\/\/www.pfadfinderbadblankenburg.de\/wordpress\/wp-json\/wp\/v2\/pages\/104","targetHints":{"allow":["GET"]}}],"collection":[{"href":"https:\/\/www.pfadfinderbadblankenburg.de\/wordpress\/wp-json\/wp\/v2\/pages"}],"about":[{"href":"https:\/\/www.pfadfinderbadblankenburg.de\/wordpress\/wp-json\/wp\/v2\/types\/page"}],"author":[{"embeddable":true,"href":"https:\/\/www.pfadfinderbadblankenburg.de\/wordpress\/wp-json\/wp\/v2\/users\/1"}],"replies":[{"embeddable":true,"href":"https:\/\/www.pfadfinderbadblankenburg.de\/wordpress\/wp-json\/wp\/v2\/comments?post=104"}],"version-history":[{"count":16,"href":"https:\/\/www.pfadfinderbadblankenburg.de\/wordpress\/wp-json\/wp\/v2\/pages\/104\/revisions"}],"predecessor-version":[{"id":1271,"href":"https:\/\/www.pfadfinderbadblankenburg.de\/wordpress\/wp-json\/wp\/v2\/pages\/104\/revisions\/1271"}],"up":[{"embeddable":true,"href":"https:\/\/www.pfadfinderbadblankenburg.de\/wordpress\/wp-json\/wp\/v2\/pages\/30"}],"wp:featuredmedia":[{"embeddable":true,"href":"https:\/\/www.pfadfinderbadblankenburg.de\/wordpress\/wp-json\/wp\/v2\/media\/680"}],"wp:attachment":[{"href":"https:\/\/www.pfadfinderbadblankenburg.de\/wordpress\/wp-json\/wp\/v2\/media?parent=104"}],"curies":[{"name":"wp","href":"https:\/\/api.w.org\/{rel}","templated":true}]}}