{"id":119,"date":"2016-03-25T15:28:10","date_gmt":"2016-03-25T14:28:10","guid":{"rendered":"http:\/\/www.pfadfinderbadblankenburg.de\/wordpress\/?page_id=119"},"modified":"2016-04-28T00:39:09","modified_gmt":"2016-04-27T22:39:09","slug":"foerderverein","status":"publish","type":"page","link":"https:\/\/www.pfadfinderbadblankenburg.de\/wordpress\/foerderverein\/","title":{"rendered":"F\u00f6rderverein"},"content":{"rendered":"<h3>Pfadfinderarbeit unterst\u00fctzen<\/h3>\n<p>Du hast leider nicht mehr so viel Zeit f\u00fcr die Pfadfindern? Oder du findest einfach die Idee toll und m\u00f6chtest die Pfadfinderarbeit in Bad Blankenburg und Th\u00fcringen unterst\u00fctzen?<\/p>\n<p>Unterst\u00fctzung finden wir bei unserem Pfadfinder-F\u00f6rderverein, der weitestgehend aus \u00e4lteren Mitgliedern und engagierten Eltern besteht. Der Jahresbeitrag betr\u00e4gt lediglich XX Euro, hilft unserem Stamm aber immens bei der Planung von Aktionen und dem\u00a0Kauf von Materialien &#8211; sei es nun eine neue Kohte um auf Fahrt zu gehen oder Buntstifte f\u00fcr die Meutenstunde.<\/p>\n<p>&nbsp;<\/p>\n<p>Bei Interesse meldet euch doch einfach bei unserer <a href=\"http:\/\/www.pfadfinderbadblankenburg.de\/wordpress\/kontakt\/stamm\/\">Stammesf\u00fchrung<\/a> oder direkt bei unserem Verantwortlichen f\u00fcr den F\u00f6rderverein.<\/p>\n<p>&nbsp;<\/p>\n<p><img loading=\"lazy\" decoding=\"async\" data-attachment-id=\"571\" data-permalink=\"https:\/\/www.pfadfinderbadblankenburg.de\/wordpress\/kontakt\/landesverband\/lars01_small\/\" data-orig-file=\"https:\/\/www.pfadfinderbadblankenburg.de\/wordpress\/wp-content\/uploads\/2016\/03\/lars01_small.png\" data-orig-size=\"2528,2528\" data-comments-opened=\"1\" data-image-meta=\"{&quot;aperture&quot;:&quot;0&quot;,&quot;credit&quot;:&quot;&quot;,&quot;camera&quot;:&quot;&quot;,&quot;caption&quot;:&quot;&quot;,&quot;created_timestamp&quot;:&quot;0&quot;,&quot;copyright&quot;:&quot;&quot;,&quot;focal_length&quot;:&quot;0&quot;,&quot;iso&quot;:&quot;0&quot;,&quot;shutter_speed&quot;:&quot;0&quot;,&quot;title&quot;:&quot;&quot;,&quot;orientation&quot;:&quot;0&quot;}\" data-image-title=\"lars01_small\" data-image-description=\"\" data-image-caption=\"\" data-large-file=\"https:\/\/www.pfadfinderbadblankenburg.de\/wordpress\/wp-content\/uploads\/2016\/03\/lars01_small-1024x1024.png\" class=\"alignleft wp-image-571 size-thumbnail\" src=\"http:\/\/www.pfadfinderbadblankenburg.de\/wordpress\/wp-content\/uploads\/2016\/03\/lars01_small-150x150.png\" width=\"150\" height=\"150\" srcset=\"https:\/\/www.pfadfinderbadblankenburg.de\/wordpress\/wp-content\/uploads\/2016\/03\/lars01_small-150x150.png 150w, https:\/\/www.pfadfinderbadblankenburg.de\/wordpress\/wp-content\/uploads\/2016\/03\/lars01_small-300x300.png 300w, https:\/\/www.pfadfinderbadblankenburg.de\/wordpress\/wp-content\/uploads\/2016\/03\/lars01_small-768x768.png 768w, https:\/\/www.pfadfinderbadblankenburg.de\/wordpress\/wp-content\/uploads\/2016\/03\/lars01_small-1024x1024.png 1024w\" sizes=\"auto, (max-width: 150px) 100vw, 150px\" \/><\/p>\n<p>&nbsp;<\/p>\n<h4>Lonz<\/h4>\n<p>lars.krausse@pfadfinderbadblankenburg.de<\/p>\n<p>(F\u00f6rderverein &#8222;Falken vom Greifenstein&#8220;)<\/p>\n","protected":false},"excerpt":{"rendered":"<p>Pfadfinderarbeit unterst\u00fctzen Du hast leider nicht mehr so viel Zeit f\u00fcr die Pfadfindern? Oder du findest einfach die Idee toll und m\u00f6chtest die Pfadfinderarbeit in Bad Blankenburg und Th\u00fcringen unterst\u00fctzen? Unterst\u00fctzung finden wir bei unserem Pfadfinder-F\u00f6rderverein, der weitestgehend aus \u00e4lteren Mitgliedern und engagierten Eltern besteht. Der Jahresbeitrag betr\u00e4gt lediglich XX Euro, hilft unserem Stamm aber [&hellip;]<\/p>\n","protected":false},"author":1,"featured_media":528,"parent":0,"menu_order":0,"comment_status":"closed","ping_status":"closed","template":"","meta":{"jetpack_post_was_ever_published":false,"footnotes":""},"class_list":["post-119","page","type-page","status-publish","has-post-thumbnail","hentry"],"jetpack_shortlink":"https:\/\/wp.me\/P7nQUU-1V","jetpack_sharing_enabled":true,"_links":{"self":[{"href":"https:\/\/www.pfadfinderbadblankenburg.de\/wordpress\/wp-json\/wp\/v2\/pages\/119","targetHints":{"allow":["GET"]}}],"collection":[{"href":"https:\/\/www.pfadfinderbadblankenburg.de\/wordpress\/wp-json\/wp\/v2\/pages"}],"about":[{"href":"https:\/\/www.pfadfinderbadblankenburg.de\/wordpress\/wp-json\/wp\/v2\/types\/page"}],"author":[{"embeddable":true,"href":"https:\/\/www.pfadfinderbadblankenburg.de\/wordpress\/wp-json\/wp\/v2\/users\/1"}],"replies":[{"embeddable":true,"href":"https:\/\/www.pfadfinderbadblankenburg.de\/wordpress\/wp-json\/wp\/v2\/comments?post=119"}],"version-history":[{"count":8,"href":"https:\/\/www.pfadfinderbadblankenburg.de\/wordpress\/wp-json\/wp\/v2\/pages\/119\/revisions"}],"predecessor-version":[{"id":622,"href":"https:\/\/www.pfadfinderbadblankenburg.de\/wordpress\/wp-json\/wp\/v2\/pages\/119\/revisions\/622"}],"wp:featuredmedia":[{"embeddable":true,"href":"https:\/\/www.pfadfinderbadblankenburg.de\/wordpress\/wp-json\/wp\/v2\/media\/528"}],"wp:attachment":[{"href":"https:\/\/www.pfadfinderbadblankenburg.de\/wordpress\/wp-json\/wp\/v2\/media?parent=119"}],"curies":[{"name":"wp","href":"https:\/\/api.w.org\/{rel}","templated":true}]}}