{"id":12,"date":"2015-12-23T23:10:08","date_gmt":"2015-12-23T22:10:08","guid":{"rendered":"http:\/\/www.pfadfinderbadblankenburg.de\/wordpress\/?page_id=12"},"modified":"2016-03-28T20:54:46","modified_gmt":"2016-03-28T18:54:46","slug":"aktivitaeten","status":"publish","type":"page","link":"https:\/\/www.pfadfinderbadblankenburg.de\/wordpress\/aktivitaeten\/","title":{"rendered":"Aktivit\u00e4ten"},"content":{"rendered":"<h3>Pfadfinden lebt vom drau\u00dfen sein!<\/h3>\n<p>Unterwegs in der Natur oder an festen Pl\u00e4tzen erleben Pfadfinderinnen und Pfadfinder die Abenteuer, die ein wesentlicher Bestandteil der Pfadfinderei sind. Auf diesen Seiten m\u00f6chten wir euch einige Informationen zu unseren w\u00f6chentlichen <a href=\"http:\/\/www.pfadfinderbadblankenburg.de\/wordpress\/aktivitaeten\/gruppenstunden-2\/\">Gruppenstunden<\/a> und <a href=\"http:\/\/www.pfadfinderbadblankenburg.de\/wordpress\/aktivitaeten\/termine\/\">anstehenden Aktionen<\/a> pr\u00e4sentieren &#8211;\u00a0im Besonderen auch \u00fcber gro\u00dfe Sommerfahrten und Bundesaktionen wie das <a href=\"http:\/\/www.pfadfinderbadblankenburg.de\/wordpress\/aktivitaeten\/bula-2017\/\">Bula 2017<\/a>!<\/p>\n","protected":false},"excerpt":{"rendered":"<p>Pfadfinden lebt vom drau\u00dfen sein! Unterwegs in der Natur oder an festen Pl\u00e4tzen erleben Pfadfinderinnen und Pfadfinder die Abenteuer, die ein wesentlicher Bestandteil der Pfadfinderei sind. Auf diesen Seiten m\u00f6chten wir euch einige Informationen zu unseren w\u00f6chentlichen Gruppenstunden und anstehenden Aktionen pr\u00e4sentieren &#8211;\u00a0im Besonderen auch \u00fcber gro\u00dfe Sommerfahrten und Bundesaktionen wie das Bula 2017!<\/p>\n","protected":false},"author":1,"featured_media":550,"parent":0,"menu_order":0,"comment_status":"closed","ping_status":"closed","template":"","meta":{"jetpack_post_was_ever_published":false,"footnotes":""},"class_list":["post-12","page","type-page","status-publish","has-post-thumbnail","hentry"],"jetpack_shortlink":"https:\/\/wp.me\/P7nQUU-c","jetpack_sharing_enabled":true,"_links":{"self":[{"href":"https:\/\/www.pfadfinderbadblankenburg.de\/wordpress\/wp-json\/wp\/v2\/pages\/12","targetHints":{"allow":["GET"]}}],"collection":[{"href":"https:\/\/www.pfadfinderbadblankenburg.de\/wordpress\/wp-json\/wp\/v2\/pages"}],"about":[{"href":"https:\/\/www.pfadfinderbadblankenburg.de\/wordpress\/wp-json\/wp\/v2\/types\/page"}],"author":[{"embeddable":true,"href":"https:\/\/www.pfadfinderbadblankenburg.de\/wordpress\/wp-json\/wp\/v2\/users\/1"}],"replies":[{"embeddable":true,"href":"https:\/\/www.pfadfinderbadblankenburg.de\/wordpress\/wp-json\/wp\/v2\/comments?post=12"}],"version-history":[{"count":4,"href":"https:\/\/www.pfadfinderbadblankenburg.de\/wordpress\/wp-json\/wp\/v2\/pages\/12\/revisions"}],"predecessor-version":[{"id":369,"href":"https:\/\/www.pfadfinderbadblankenburg.de\/wordpress\/wp-json\/wp\/v2\/pages\/12\/revisions\/369"}],"wp:featuredmedia":[{"embeddable":true,"href":"https:\/\/www.pfadfinderbadblankenburg.de\/wordpress\/wp-json\/wp\/v2\/media\/550"}],"wp:attachment":[{"href":"https:\/\/www.pfadfinderbadblankenburg.de\/wordpress\/wp-json\/wp\/v2\/media?parent=12"}],"curies":[{"name":"wp","href":"https:\/\/api.w.org\/{rel}","templated":true}]}}