{"id":52,"date":"2016-03-24T23:06:50","date_gmt":"2016-03-24T22:06:50","guid":{"rendered":"http:\/\/www.pfadfinderbadblankenburg.de\/wordpress\/?page_id=52"},"modified":"2016-04-27T23:35:08","modified_gmt":"2016-04-27T21:35:08","slug":"unser-stamm","status":"publish","type":"page","link":"https:\/\/www.pfadfinderbadblankenburg.de\/wordpress\/pfadfinden-in-bad-blankenburg\/unser-stamm\/","title":{"rendered":"Unser Stamm"},"content":{"rendered":"<h3>&#8222;Falken vom Greifenstein&#8220; &#8211; BdP Stamm in Bad Blankenburg<\/h3>\n<p>&nbsp;<\/p>\n<p>Der Stamm &#8222;Falken vom Greifenstein&#8220; wurde bereits im Fr\u00fchjahr 1990, noch vor der deutschen Wiedervereinigung, als erste Pfadfindergruppe in den neuen Bundesl\u00e4ndern gegr\u00fcndet.<\/p>\n<p>Was anfangs noch der Hilfe unseres Partnerstammes L\u00f6we von Meissen (Neustadt bei Coburg) bedurfte, hat sich schnell verselbst\u00e4ndigt. Seit Jahren arbeiten wir selbst\u00e4ndig und erfolgreich in der koedukativen, ehrenamtlichen Jugendarbeit. Wir stellen regelm\u00e4ssig Landesbeauftragte und Vorst\u00e4nde im <a href=\"http:\/\/www.pfadfinderbadblankenburg.de\/wordpress\/pfadfinden-in-bad-blankenburg\/unser-landesverband\/\">Landesverband Th\u00fcringen<\/a> des Bundes der Pfadfinderinnen und Pfadfinder e.V.<\/p>\n<p>Heute z\u00e4hlt unser Stamm etwa 45 Mitglieder. Viele unserer Mitglieder leben zur Zeit \u00fcber das Bundesgebiet verstreut, ohne jedoch den Kontakt zum Stamm und Bad Blankenburg zu verlieren.<\/p>\n<p>Als Stamm haben wir funktionierende <a href=\"http:\/\/www.pfadfinderbadblankenburg.de\/wordpress\/stufen\/\">Gruppen in allen Altersstufen<\/a>, d.h. von 5 bis \u00fcber 40 Jahren. Unterst\u00fctzung finden wir bei unserem <a href=\"http:\/\/www.pfadfinderbadblankenburg.de\/wordpress\/foerderverein\/\">Pfadfinder-F\u00f6rderverein<\/a>, der weitestgehend aus \u00e4lteren Mitgliedern und engagierten Eltern besteht.<\/p>\n<p>Unser Stammesheim haben wir in der ehemaligen Jugendherberge in Bad Blankenburg aufgeschlagen, welche vom Landesverband 2008 \u00fcbernommen wurde und seit dem als Gruppenhaus, Jugendbildungsst\u00e4tte und Pfadfinderzentrum der Pfadfinder des LV Th\u00fcringen geleitet wird.<\/p>\n<p>Wir nutzen die R\u00e4umlichkeiten und das weitl\u00e4ufige Gel\u00e4nde f\u00fcr Wochenendaktivit\u00e4ten, Gruppenstunden und Stammesaktionen. Auf dem <a href=\"http:\/\/www.pfadfinderbadblankenburg.de\/wordpress\/aktivitaeten\/termine\/\">Programm<\/a> stehen jedes Jahr 2 Stammeswochenenden, das Pfingstlager, das Sommerlager und viele Wochenendaktionen des Landesverbandes und des Stammes in Bad Blankenburg und ausserhalb.<\/p>\n<p>&nbsp;<\/p>\n<p>&nbsp;<\/p>\n","protected":false},"excerpt":{"rendered":"<p>&#8222;Falken vom Greifenstein&#8220; &#8211; BdP Stamm in Bad Blankenburg &nbsp; Der Stamm &#8222;Falken vom Greifenstein&#8220; wurde bereits im Fr\u00fchjahr 1990, noch vor der deutschen Wiedervereinigung, als erste Pfadfindergruppe in den neuen Bundesl\u00e4ndern gegr\u00fcndet. Was anfangs noch der Hilfe unseres Partnerstammes L\u00f6we von Meissen (Neustadt bei Coburg) bedurfte, hat sich schnell verselbst\u00e4ndigt. Seit Jahren arbeiten wir [&hellip;]<\/p>\n","protected":false},"author":1,"featured_media":617,"parent":46,"menu_order":0,"comment_status":"closed","ping_status":"closed","template":"","meta":{"jetpack_post_was_ever_published":false,"footnotes":""},"class_list":["post-52","page","type-page","status-publish","has-post-thumbnail","hentry"],"jetpack_shortlink":"https:\/\/wp.me\/P7nQUU-Q","jetpack_sharing_enabled":true,"_links":{"self":[{"href":"https:\/\/www.pfadfinderbadblankenburg.de\/wordpress\/wp-json\/wp\/v2\/pages\/52","targetHints":{"allow":["GET"]}}],"collection":[{"href":"https:\/\/www.pfadfinderbadblankenburg.de\/wordpress\/wp-json\/wp\/v2\/pages"}],"about":[{"href":"https:\/\/www.pfadfinderbadblankenburg.de\/wordpress\/wp-json\/wp\/v2\/types\/page"}],"author":[{"embeddable":true,"href":"https:\/\/www.pfadfinderbadblankenburg.de\/wordpress\/wp-json\/wp\/v2\/users\/1"}],"replies":[{"embeddable":true,"href":"https:\/\/www.pfadfinderbadblankenburg.de\/wordpress\/wp-json\/wp\/v2\/comments?post=52"}],"version-history":[{"count":8,"href":"https:\/\/www.pfadfinderbadblankenburg.de\/wordpress\/wp-json\/wp\/v2\/pages\/52\/revisions"}],"predecessor-version":[{"id":292,"href":"https:\/\/www.pfadfinderbadblankenburg.de\/wordpress\/wp-json\/wp\/v2\/pages\/52\/revisions\/292"}],"up":[{"embeddable":true,"href":"https:\/\/www.pfadfinderbadblankenburg.de\/wordpress\/wp-json\/wp\/v2\/pages\/46"}],"wp:featuredmedia":[{"embeddable":true,"href":"https:\/\/www.pfadfinderbadblankenburg.de\/wordpress\/wp-json\/wp\/v2\/media\/617"}],"wp:attachment":[{"href":"https:\/\/www.pfadfinderbadblankenburg.de\/wordpress\/wp-json\/wp\/v2\/media?parent=52"}],"curies":[{"name":"wp","href":"https:\/\/api.w.org\/{rel}","templated":true}]}}