{"id":66,"date":"2016-03-25T00:22:15","date_gmt":"2016-03-24T23:22:15","guid":{"rendered":"http:\/\/www.pfadfinderbadblankenburg.de\/wordpress\/?page_id=66"},"modified":"2016-03-28T19:59:21","modified_gmt":"2016-03-28T17:59:21","slug":"unser-landesverband","status":"publish","type":"page","link":"https:\/\/www.pfadfinderbadblankenburg.de\/wordpress\/pfadfinden-in-bad-blankenburg\/unser-landesverband\/","title":{"rendered":"Unser Landesverband"},"content":{"rendered":"<h3>Der BdP in Th\u00fcringen<\/h3>\n<p>Als Mitglied im Bund der Pfadfinderinnen und Pfadfinder ist der Landesverband Th\u00fcringen Teil der weltweiten Pfadfinderbewegung. Der Landesverband versteht sich dabei als unterst\u00fctzender und koordinierender Zusammenschluss der Ortsgruppen &#8211; <strong>St\u00e4mme<\/strong> &#8211; im Land Th\u00fcringen. So bieten wir selbst, d.h. die Landesbeauftragten und deren Stufenarbeitskreise, vielf\u00e4ltiges Programm an und sorgen mit unserem Ausbildungssystem f\u00fcr die Qualifizierung der Gruppenleitungen.<\/p>\n<p>Dar\u00fcber hinaus vertritt der Landesverband die Interessen seiner Mitglieder innerhalb des BdP und des Bundeslands Th\u00fcringen, beispielsweise als Mitglied im Landesjugendring und der <a href=\"http:\/\/www.vtpv.de\/\" target=\"_blank\">Vertretung Th\u00fcringer Pfadfinderverb\u00e4nde<\/a>.<\/p>\n<p>Weiterhin hat der Landesverband Anfang 2008 die ehemalige Jugendherberge in Bad Blankenburg \u00fcbernommen und f\u00fchrt diese seit dem weiter als\u00a0als Gruppenhaus, Jugendbildungsst\u00e4tte und <a href=\"http:\/\/www.pfadfinderbadblankenburg.de\/wordpress\/pfadfinden-in-bad-blankenburg\/unser-landeszentrum\/\">Pfadfinderzentrum der Pfadfinder des LV Th\u00fcringen<\/a>.<\/p>\n<p>&nbsp;<\/p>\n<h4>Der Stamm als zentrale Gruppe<\/h4>\n<p>Die <strong>\u00f6rtliche Gruppe hei\u00dft Stamm<\/strong> und ist nach Altersstufen gegliedert. Ohne die ehrenamtlichen Leiterinnen und Leiter l\u00e4uft dabei nichts: Sie organisieren nicht nur die w\u00f6chentlichen Gruppentreffen, sondern f\u00fchren auch mit gro\u00dfem Engagement Fahrten und Lager durch &#8211; in der eigenen Region, in Deutschland oder im Ausland.<\/p>\n<ul>\n<li>Bei den <a href=\"http:\/\/www.pfadfinderbadblankenburg.de\/wordpress\/stufen\/woelflinge\/\">W\u00f6lflingen<\/a> (7 bis 11 Jahre) hei\u00dft die Gruppe Meute,<\/li>\n<li>bei den <a href=\"http:\/\/www.pfadfinderbadblankenburg.de\/wordpress\/stufen\/pfadfinder\/\">Pfadfinderinnen und Pfadfindern<\/a> (12 bis 16 Jahre) Sippe oder Gilde,<\/li>\n<li>bei den <a href=\"http:\/\/www.pfadfinderbadblankenburg.de\/wordpress\/stufen\/rangerrover\/\">Ranger\/Rovern<\/a> (17 bis 25 Jahre) Runde.<\/li>\n<\/ul>\n<p>Die Mitglieder jeder Gruppe sind an fast allen Entscheidungen beteiligt. Ob es um die eigenen Aktivit\u00e4ten oder die Wahl der Stammesf\u00fchrung geht: Jede\u00a0Meinung, jede Stimme z\u00e4hlt.\u00a0St\u00e4mme entsenden Delegierte in die Landesversammlung, die den Landesvorstand w\u00e4hlt.<\/p>\n<p>Der Landesvorstand beruft eine Landesleitung, die sich wiederum Arbeitskreise aufbauen, die einen wesentlichen Teil des LV-Programms anbieten.<\/p>\n","protected":false},"excerpt":{"rendered":"<p>Der BdP in Th\u00fcringen Als Mitglied im Bund der Pfadfinderinnen und Pfadfinder ist der Landesverband Th\u00fcringen Teil der weltweiten Pfadfinderbewegung. Der Landesverband versteht sich dabei als unterst\u00fctzender und koordinierender Zusammenschluss der Ortsgruppen &#8211; St\u00e4mme &#8211; im Land Th\u00fcringen. So bieten wir selbst, d.h. die Landesbeauftragten und deren Stufenarbeitskreise, vielf\u00e4ltiges Programm an und sorgen mit unserem [&hellip;]<\/p>\n","protected":false},"author":1,"featured_media":531,"parent":46,"menu_order":0,"comment_status":"closed","ping_status":"closed","template":"","meta":{"jetpack_post_was_ever_published":false,"footnotes":""},"class_list":["post-66","page","type-page","status-publish","has-post-thumbnail","hentry"],"jetpack_shortlink":"https:\/\/wp.me\/P7nQUU-14","jetpack_sharing_enabled":true,"_links":{"self":[{"href":"https:\/\/www.pfadfinderbadblankenburg.de\/wordpress\/wp-json\/wp\/v2\/pages\/66","targetHints":{"allow":["GET"]}}],"collection":[{"href":"https:\/\/www.pfadfinderbadblankenburg.de\/wordpress\/wp-json\/wp\/v2\/pages"}],"about":[{"href":"https:\/\/www.pfadfinderbadblankenburg.de\/wordpress\/wp-json\/wp\/v2\/types\/page"}],"author":[{"embeddable":true,"href":"https:\/\/www.pfadfinderbadblankenburg.de\/wordpress\/wp-json\/wp\/v2\/users\/1"}],"replies":[{"embeddable":true,"href":"https:\/\/www.pfadfinderbadblankenburg.de\/wordpress\/wp-json\/wp\/v2\/comments?post=66"}],"version-history":[{"count":5,"href":"https:\/\/www.pfadfinderbadblankenburg.de\/wordpress\/wp-json\/wp\/v2\/pages\/66\/revisions"}],"predecessor-version":[{"id":294,"href":"https:\/\/www.pfadfinderbadblankenburg.de\/wordpress\/wp-json\/wp\/v2\/pages\/66\/revisions\/294"}],"up":[{"embeddable":true,"href":"https:\/\/www.pfadfinderbadblankenburg.de\/wordpress\/wp-json\/wp\/v2\/pages\/46"}],"wp:featuredmedia":[{"embeddable":true,"href":"https:\/\/www.pfadfinderbadblankenburg.de\/wordpress\/wp-json\/wp\/v2\/media\/531"}],"wp:attachment":[{"href":"https:\/\/www.pfadfinderbadblankenburg.de\/wordpress\/wp-json\/wp\/v2\/media?parent=66"}],"curies":[{"name":"wp","href":"https:\/\/api.w.org\/{rel}","templated":true}]}}