{"id":74,"date":"2016-03-25T15:12:06","date_gmt":"2016-03-25T14:12:06","guid":{"rendered":"http:\/\/www.pfadfinderbadblankenburg.de\/wordpress\/?page_id=74"},"modified":"2016-03-28T21:24:22","modified_gmt":"2016-03-28T19:24:22","slug":"unser-landeszentrum","status":"publish","type":"page","link":"https:\/\/www.pfadfinderbadblankenburg.de\/wordpress\/pfadfinden-in-bad-blankenburg\/unser-landeszentrum\/","title":{"rendered":"Unser Landeszentrum"},"content":{"rendered":"<h3>Besuch bei den Pfadfindern &#8211; Abenteuer zum mitmachen!<\/h3>\n<p><img loading=\"lazy\" decoding=\"async\" data-attachment-id=\"269\" data-permalink=\"https:\/\/www.pfadfinderbadblankenburg.de\/wordpress\/pfadfinden-in-bad-blankenburg\/unser-landeszentrum\/logo\/\" data-orig-file=\"https:\/\/www.pfadfinderbadblankenburg.de\/wordpress\/wp-content\/uploads\/2016\/03\/logo.jpg\" data-orig-size=\"1452,830\" data-comments-opened=\"1\" data-image-meta=\"{&quot;aperture&quot;:&quot;0&quot;,&quot;credit&quot;:&quot;&quot;,&quot;camera&quot;:&quot;&quot;,&quot;caption&quot;:&quot;&quot;,&quot;created_timestamp&quot;:&quot;0&quot;,&quot;copyright&quot;:&quot;&quot;,&quot;focal_length&quot;:&quot;0&quot;,&quot;iso&quot;:&quot;0&quot;,&quot;shutter_speed&quot;:&quot;0&quot;,&quot;title&quot;:&quot;&quot;,&quot;orientation&quot;:&quot;0&quot;}\" data-image-title=\"logo\" data-image-description=\"\" data-image-caption=\"\" data-large-file=\"https:\/\/www.pfadfinderbadblankenburg.de\/wordpress\/wp-content\/uploads\/2016\/03\/logo-1024x585.jpg\" class=\"alignright size-medium wp-image-269\" src=\"http:\/\/www.pfadfinderbadblankenburg.de\/wordpress\/wp-content\/uploads\/2016\/03\/logo-300x171.jpg\" alt=\"logo\" width=\"300\" height=\"171\" srcset=\"https:\/\/www.pfadfinderbadblankenburg.de\/wordpress\/wp-content\/uploads\/2016\/03\/logo-300x171.jpg 300w, https:\/\/www.pfadfinderbadblankenburg.de\/wordpress\/wp-content\/uploads\/2016\/03\/logo-768x439.jpg 768w, https:\/\/www.pfadfinderbadblankenburg.de\/wordpress\/wp-content\/uploads\/2016\/03\/logo-1024x585.jpg 1024w, https:\/\/www.pfadfinderbadblankenburg.de\/wordpress\/wp-content\/uploads\/2016\/03\/logo.jpg 1452w\" sizes=\"auto, (max-width: 300px) 100vw, 300px\" \/><\/p>\n<p>&nbsp;<\/p>\n<p>Zum Beginn des Jahres 2008 hat unser Landesverband, der BdP LV Th\u00fcringen e.V., die ehemalige Jugendherberge in Bad Blankenburg \u00fcbernommen und betreibt diese seit dem weiter als Gruppenhaus, Jugendbildungsst\u00e4tte und Pfadfinderzentrum der Pfadfinder des LV Th\u00fcringen.<\/p>\n<p>&nbsp;<\/p>\n<p>Die &#8222;Falken vom Greifenstein&#8220;\u00a0nutzen R\u00e4umlichkeiten der ehemaligen Herberge als ihr Stammesheim, sowie f\u00fcr Material und Gruppenstunden. Ausserdem finden viele unserer Stammes- und Landesverbandsaktionen in unserm Pfadfinderzentrum, sowie in den anliegenden Bungalows und auf dem Zeltplatz statt.<\/p>\n<p>&nbsp;<\/p>\n<p>Unser Gruppenhaus und unser Zeltplatz in Bad Blankenburg bieten viele M\u00f6glichkeiten f\u00fcr Klassenfahrten, Gruppen, Vereine &amp; Familien.<\/p>\n<p>&nbsp;<\/p>\n<p>Mehr Infos zum Haus findet ihr auf <strong><a href=\"http:\/\/www.herberge-badblankenburg.de\" target=\"_blank\">www.herberge-badblankenburg.de<\/a><\/strong><\/p>\n<p>&nbsp;<\/p>\n<p>Unser aktueller\u00a0<strong><a href=\"http:\/\/www.herberge-badblankenburg.de\/Downloads\/Flyer_Herberge_Bad_Blankenburg.pdf\" target=\"_blank\">Flyer<\/a><\/strong><\/p>\n<p>&nbsp;<\/p>\n<p><a href=\"http:\/\/www.pfadfinderbadblankenburg.de\/wordpress\/pfadfinden-in-bad-blankenburg\/unser-landeszentrum\/img_0966\/\" rel=\"attachment wp-att-274\"><img loading=\"lazy\" decoding=\"async\" data-attachment-id=\"274\" data-permalink=\"https:\/\/www.pfadfinderbadblankenburg.de\/wordpress\/pfadfinden-in-bad-blankenburg\/unser-landeszentrum\/img_0966\/\" data-orig-file=\"https:\/\/www.pfadfinderbadblankenburg.de\/wordpress\/wp-content\/uploads\/2016\/03\/IMG_0966.jpg\" data-orig-size=\"3264,2448\" data-comments-opened=\"1\" data-image-meta=\"{&quot;aperture&quot;:&quot;2.4&quot;,&quot;credit&quot;:&quot;&quot;,&quot;camera&quot;:&quot;iPhone 4S&quot;,&quot;caption&quot;:&quot;&quot;,&quot;created_timestamp&quot;:&quot;1347040546&quot;,&quot;copyright&quot;:&quot;&quot;,&quot;focal_length&quot;:&quot;4.28&quot;,&quot;iso&quot;:&quot;80&quot;,&quot;shutter_speed&quot;:&quot;0.0024449877750611&quot;,&quot;title&quot;:&quot;&quot;,&quot;orientation&quot;:&quot;1&quot;}\" data-image-title=\"Kinderfest im Pfadfinderzentrum\" data-image-description=\"\" data-image-caption=\"\" data-large-file=\"https:\/\/www.pfadfinderbadblankenburg.de\/wordpress\/wp-content\/uploads\/2016\/03\/IMG_0966-1024x768.jpg\" class=\"aligncenter size-large wp-image-274\" src=\"http:\/\/www.pfadfinderbadblankenburg.de\/wordpress\/wp-content\/uploads\/2016\/03\/IMG_0966-1024x768.jpg\" alt=\"Kinderfest im Pfadfinderzentrum\" width=\"684\" height=\"513\" srcset=\"https:\/\/www.pfadfinderbadblankenburg.de\/wordpress\/wp-content\/uploads\/2016\/03\/IMG_0966-1024x768.jpg 1024w, https:\/\/www.pfadfinderbadblankenburg.de\/wordpress\/wp-content\/uploads\/2016\/03\/IMG_0966-300x225.jpg 300w, https:\/\/www.pfadfinderbadblankenburg.de\/wordpress\/wp-content\/uploads\/2016\/03\/IMG_0966-768x576.jpg 768w\" sizes=\"auto, (max-width: 684px) 100vw, 684px\" \/><\/a><\/p>\n<p>&nbsp;<\/p>\n","protected":false},"excerpt":{"rendered":"<p>Besuch bei den Pfadfindern &#8211; Abenteuer zum mitmachen! &nbsp; Zum Beginn des Jahres 2008 hat unser Landesverband, der BdP LV Th\u00fcringen e.V., die ehemalige Jugendherberge in Bad Blankenburg \u00fcbernommen und betreibt diese seit dem weiter als Gruppenhaus, Jugendbildungsst\u00e4tte und Pfadfinderzentrum der Pfadfinder des LV Th\u00fcringen. &nbsp; Die &#8222;Falken vom Greifenstein&#8220;\u00a0nutzen R\u00e4umlichkeiten der ehemaligen Herberge als [&hellip;]<\/p>\n","protected":false},"author":1,"featured_media":553,"parent":46,"menu_order":0,"comment_status":"closed","ping_status":"closed","template":"","meta":{"jetpack_post_was_ever_published":false,"footnotes":""},"class_list":["post-74","page","type-page","status-publish","has-post-thumbnail","hentry"],"jetpack_shortlink":"https:\/\/wp.me\/P7nQUU-1c","jetpack_sharing_enabled":true,"_links":{"self":[{"href":"https:\/\/www.pfadfinderbadblankenburg.de\/wordpress\/wp-json\/wp\/v2\/pages\/74","targetHints":{"allow":["GET"]}}],"collection":[{"href":"https:\/\/www.pfadfinderbadblankenburg.de\/wordpress\/wp-json\/wp\/v2\/pages"}],"about":[{"href":"https:\/\/www.pfadfinderbadblankenburg.de\/wordpress\/wp-json\/wp\/v2\/types\/page"}],"author":[{"embeddable":true,"href":"https:\/\/www.pfadfinderbadblankenburg.de\/wordpress\/wp-json\/wp\/v2\/users\/1"}],"replies":[{"embeddable":true,"href":"https:\/\/www.pfadfinderbadblankenburg.de\/wordpress\/wp-json\/wp\/v2\/comments?post=74"}],"version-history":[{"count":10,"href":"https:\/\/www.pfadfinderbadblankenburg.de\/wordpress\/wp-json\/wp\/v2\/pages\/74\/revisions"}],"predecessor-version":[{"id":551,"href":"https:\/\/www.pfadfinderbadblankenburg.de\/wordpress\/wp-json\/wp\/v2\/pages\/74\/revisions\/551"}],"up":[{"embeddable":true,"href":"https:\/\/www.pfadfinderbadblankenburg.de\/wordpress\/wp-json\/wp\/v2\/pages\/46"}],"wp:featuredmedia":[{"embeddable":true,"href":"https:\/\/www.pfadfinderbadblankenburg.de\/wordpress\/wp-json\/wp\/v2\/media\/553"}],"wp:attachment":[{"href":"https:\/\/www.pfadfinderbadblankenburg.de\/wordpress\/wp-json\/wp\/v2\/media?parent=74"}],"curies":[{"name":"wp","href":"https:\/\/api.w.org\/{rel}","templated":true}]}}