{"id":76,"date":"2016-03-25T15:12:46","date_gmt":"2016-03-25T14:12:46","guid":{"rendered":"http:\/\/www.pfadfinderbadblankenburg.de\/wordpress\/?page_id=76"},"modified":"2018-11-04T21:13:32","modified_gmt":"2018-11-04T20:13:32","slug":"der-bdp","status":"publish","type":"page","link":"https:\/\/www.pfadfinderbadblankenburg.de\/wordpress\/pfadfinden-in-bad-blankenburg\/der-bdp\/","title":{"rendered":"Der BdP"},"content":{"rendered":"<h3>Unser Bund<\/h3>\n<p>Der Bund der Pfadfinderinnen und Pfadfinder ist mit etwa 30.000 Mitgliedern der gr\u00f6\u00dfte \u00fcberkonfessionelle Pfadfinderverband Deutschlands. Seit 1976 leistet er Pfadfinderarbeit im ganzen Bundesgebiet.<\/p>\n<p>Mehr \u00fcber unseren Bund erfahrt ihr auf der Seite <strong><a href=\"http:\/\/www.pfadfinden.de\" target=\"_blank\">www.pfadfinden.de<\/a><\/strong><\/p>\n<p>&nbsp;<\/p>\n<h3>Pfadfinder in Deutschland<\/h3>\n<p>Gemeinsam mit dem Verband Christlicher Pfadfinderinnen und Pfadfinder (VCP), der Deutschen Pfadfinderschaft Sankt Georg (DPSG) und der Pfadfinderinnenschaft Sankt Georg (PSG) ist der BdP Mitglied in den beiden Weltverb\u00e4nden (WAGGGS und WOSM) und damit Teil der globalen Pfadfinderbewegung.<\/p>\n","protected":false},"excerpt":{"rendered":"<p>Unser Bund Der Bund der Pfadfinderinnen und Pfadfinder ist mit etwa 30.000 Mitgliedern der gr\u00f6\u00dfte \u00fcberkonfessionelle Pfadfinderverband Deutschlands. Seit 1976 leistet er Pfadfinderarbeit im ganzen Bundesgebiet. Mehr \u00fcber unseren Bund erfahrt ihr auf der Seite www.pfadfinden.de &nbsp; Pfadfinder in Deutschland Gemeinsam mit dem Verband Christlicher Pfadfinderinnen und Pfadfinder (VCP), der Deutschen Pfadfinderschaft Sankt Georg (DPSG) [&hellip;]<\/p>\n","protected":false},"author":1,"featured_media":541,"parent":46,"menu_order":0,"comment_status":"closed","ping_status":"closed","template":"","meta":{"jetpack_post_was_ever_published":false,"footnotes":""},"class_list":["post-76","page","type-page","status-publish","has-post-thumbnail","hentry"],"jetpack_shortlink":"https:\/\/wp.me\/P7nQUU-1e","jetpack_sharing_enabled":true,"_links":{"self":[{"href":"https:\/\/www.pfadfinderbadblankenburg.de\/wordpress\/wp-json\/wp\/v2\/pages\/76","targetHints":{"allow":["GET"]}}],"collection":[{"href":"https:\/\/www.pfadfinderbadblankenburg.de\/wordpress\/wp-json\/wp\/v2\/pages"}],"about":[{"href":"https:\/\/www.pfadfinderbadblankenburg.de\/wordpress\/wp-json\/wp\/v2\/types\/page"}],"author":[{"embeddable":true,"href":"https:\/\/www.pfadfinderbadblankenburg.de\/wordpress\/wp-json\/wp\/v2\/users\/1"}],"replies":[{"embeddable":true,"href":"https:\/\/www.pfadfinderbadblankenburg.de\/wordpress\/wp-json\/wp\/v2\/comments?post=76"}],"version-history":[{"count":4,"href":"https:\/\/www.pfadfinderbadblankenburg.de\/wordpress\/wp-json\/wp\/v2\/pages\/76\/revisions"}],"predecessor-version":[{"id":906,"href":"https:\/\/www.pfadfinderbadblankenburg.de\/wordpress\/wp-json\/wp\/v2\/pages\/76\/revisions\/906"}],"up":[{"embeddable":true,"href":"https:\/\/www.pfadfinderbadblankenburg.de\/wordpress\/wp-json\/wp\/v2\/pages\/46"}],"wp:featuredmedia":[{"embeddable":true,"href":"https:\/\/www.pfadfinderbadblankenburg.de\/wordpress\/wp-json\/wp\/v2\/media\/541"}],"wp:attachment":[{"href":"https:\/\/www.pfadfinderbadblankenburg.de\/wordpress\/wp-json\/wp\/v2\/media?parent=76"}],"curies":[{"name":"wp","href":"https:\/\/api.w.org\/{rel}","templated":true}]}}