{"id":78,"date":"2016-03-25T15:13:10","date_gmt":"2016-03-25T14:13:10","guid":{"rendered":"http:\/\/www.pfadfinderbadblankenburg.de\/wordpress\/?page_id=78"},"modified":"2016-04-28T00:34:06","modified_gmt":"2016-04-27T22:34:06","slug":"paedagogik","status":"publish","type":"page","link":"https:\/\/www.pfadfinderbadblankenburg.de\/wordpress\/pfadfinden-in-bad-blankenburg\/paedagogik\/","title":{"rendered":"P\u00e4dagogik"},"content":{"rendered":"<h3>Pfadfinden ist learning by doing<\/h3>\n<p><strong>Lernen? Das klingt ja nach Schule. Ach was!<\/strong> Wir vermitteln Kindern und Jugendlichen Spa\u00df am Lernen. Weil wir ihnen spielerisch beibringen, etwas zu probieren, etwas zu wagen, sich selbst und die Welt zu entdecken. Und hinterher schlauer zu sein als vorher.<\/p>\n<p><strong>Es geht auch mal was schief. Macht nichts!<\/strong> Aus Fehlern lernt man schlie\u00dflich. Nat\u00fcrlich achten wir auf Sicherheit und darauf, dass niemand zu Schaden kommt. Aber wir rufen nicht permanent \u201eAchtung!\u201c oder \u201ePass auf!\u201c, sondern ermuntern dazu, sich selbst besser einsch\u00e4tzen zu lernen und in schwierigen Situationen einen Ausweg zu finden. Wie kriege ich es blo\u00df hin, dass das bl\u00f6de Feuer nicht dauernd ausgeht? Wo um Himmels willen auf der Karte sind wir denn jetzt genau?<\/p>\n<p><strong>Bei uns k\u00f6nnen Jugendliche auch lernen, anderen etwas beizubringen.<\/strong> Sich zu trauen, eine Gruppe zu leiten, eine Fahrt zu organisieren, ein gro\u00dfes Zeltlager zu stemmen &#8211; im Team, mit anderen.\u00a0Nur so kann eine Gesellschaft funktionieren: Wenn wir junge Menschen dazu erziehen, selbst\u00e4ndig zu sein, auf andere zu achten und Verantwortung f\u00fcr sich, die Gruppe deren Handlungen zu \u00fcbernehmen. Und dies st\u00e4rkt &#8211; ganz nebenbei &#8211; das Selbstbewusstsein der Jugend.<\/p>\n<p>&nbsp;<\/p>\n<p>Die freiwillige Verpflichtung zu gemeinsamen Regeln ist die Grundlage unseres Bundes. Unsere Regeln fordern:<\/p>\n<ul>\n<li>Hilfsbereitschaft und R\u00fccksichtnahme<\/li>\n<li>Aufrichtigkeit und Zuverl\u00e4ssigkeit<\/li>\n<li>Achtung vor dem anderen<\/li>\n<li>Selbstbeherrschung<\/li>\n<li>Courage oder Mut, Auseinandersetzungen und Schwierigkeiten nicht ausweichen<\/li>\n<li>Umweltschutz und Bewusstsein f\u00fcr die Natur<\/li>\n<li>Freundschaft<\/li>\n<li>Einsatz f\u00fcr Frieden und Gemeinschaft<\/li>\n<li>Kritikf\u00e4higkeit und Verantwortungsbereitschaft<\/li>\n<\/ul>\n<p>Der Bund der Pfadfinderinnen und Pfadfinder ist parteipolitisch unabh\u00e4ngig, betreibt aber politische Bildung.<\/p>\n<p>&nbsp;<\/p>\n<h3>Unsere Kluft<\/h3>\n<p><img loading=\"lazy\" decoding=\"async\" data-attachment-id=\"277\" data-permalink=\"https:\/\/www.pfadfinderbadblankenburg.de\/wordpress\/pfadfinden-in-bad-blankenburg\/paedagogik\/kluft_small\/\" data-orig-file=\"https:\/\/www.pfadfinderbadblankenburg.de\/wordpress\/wp-content\/uploads\/2016\/03\/Kluft_small.png\" data-orig-size=\"893,733\" data-comments-opened=\"1\" data-image-meta=\"{&quot;aperture&quot;:&quot;0&quot;,&quot;credit&quot;:&quot;&quot;,&quot;camera&quot;:&quot;&quot;,&quot;caption&quot;:&quot;&quot;,&quot;created_timestamp&quot;:&quot;0&quot;,&quot;copyright&quot;:&quot;&quot;,&quot;focal_length&quot;:&quot;0&quot;,&quot;iso&quot;:&quot;0&quot;,&quot;shutter_speed&quot;:&quot;0&quot;,&quot;title&quot;:&quot;&quot;,&quot;orientation&quot;:&quot;0&quot;}\" data-image-title=\"Kluft_small\" data-image-description=\"\" data-image-caption=\"\" data-large-file=\"https:\/\/www.pfadfinderbadblankenburg.de\/wordpress\/wp-content\/uploads\/2016\/03\/Kluft_small.png\" class=\"alignright size-thumbnail wp-image-277\" src=\"http:\/\/www.pfadfinderbadblankenburg.de\/wordpress\/wp-content\/uploads\/2016\/03\/Kluft_small-150x150.png\" alt=\"Kluft_small\" width=\"150\" height=\"150\" \/><br \/>\ngenauso wie Lagerfeuer, Singen, Zelten und Wandern. Die Kluft tragen die Pfadfinderinnen und Pfadfinder als Zeichen ihrer Zusammengeh\u00f6rigkeit bei allen Unternehmungen, Treffen, Aktionen und vor allem auf Fahrt.<\/p>\n<p>Mit der Kluft muss sich niemand ausgegrenzt f\u00fchlen, nur weil er nicht die neusten Marken tr\u00e4gt. Alle haben eine gemeinsame Kleidung und treten so als Teil einer Gemeinschaft auf. Die auff\u00e4llige Kluft ist T\u00fcr\u00f6ffner bei der Schlafplatzsuche auf Fahrt und manchmal kommt es durch sie zu spontanen Einladungen und Begegnungen. Im BdP tragen wir ein blau-gelbes Halstuch und ein dunkelblaues Hemd. Bei den W\u00f6lflingen ist das Halstuch einfarbig gelb.<\/p>\n","protected":false},"excerpt":{"rendered":"<p>Pfadfinden ist learning by doing Lernen? Das klingt ja nach Schule. Ach was! Wir vermitteln Kindern und Jugendlichen Spa\u00df am Lernen. Weil wir ihnen spielerisch beibringen, etwas zu probieren, etwas zu wagen, sich selbst und die Welt zu entdecken. Und hinterher schlauer zu sein als vorher. Es geht auch mal was schief. Macht nichts! Aus [&hellip;]<\/p>\n","protected":false},"author":1,"featured_media":543,"parent":46,"menu_order":0,"comment_status":"closed","ping_status":"closed","template":"","meta":{"jetpack_post_was_ever_published":false,"footnotes":""},"class_list":["post-78","page","type-page","status-publish","has-post-thumbnail","hentry"],"jetpack_shortlink":"https:\/\/wp.me\/P7nQUU-1g","jetpack_sharing_enabled":true,"_links":{"self":[{"href":"https:\/\/www.pfadfinderbadblankenburg.de\/wordpress\/wp-json\/wp\/v2\/pages\/78","targetHints":{"allow":["GET"]}}],"collection":[{"href":"https:\/\/www.pfadfinderbadblankenburg.de\/wordpress\/wp-json\/wp\/v2\/pages"}],"about":[{"href":"https:\/\/www.pfadfinderbadblankenburg.de\/wordpress\/wp-json\/wp\/v2\/types\/page"}],"author":[{"embeddable":true,"href":"https:\/\/www.pfadfinderbadblankenburg.de\/wordpress\/wp-json\/wp\/v2\/users\/1"}],"replies":[{"embeddable":true,"href":"https:\/\/www.pfadfinderbadblankenburg.de\/wordpress\/wp-json\/wp\/v2\/comments?post=78"}],"version-history":[{"count":6,"href":"https:\/\/www.pfadfinderbadblankenburg.de\/wordpress\/wp-json\/wp\/v2\/pages\/78\/revisions"}],"predecessor-version":[{"id":585,"href":"https:\/\/www.pfadfinderbadblankenburg.de\/wordpress\/wp-json\/wp\/v2\/pages\/78\/revisions\/585"}],"up":[{"embeddable":true,"href":"https:\/\/www.pfadfinderbadblankenburg.de\/wordpress\/wp-json\/wp\/v2\/pages\/46"}],"wp:featuredmedia":[{"embeddable":true,"href":"https:\/\/www.pfadfinderbadblankenburg.de\/wordpress\/wp-json\/wp\/v2\/media\/543"}],"wp:attachment":[{"href":"https:\/\/www.pfadfinderbadblankenburg.de\/wordpress\/wp-json\/wp\/v2\/media?parent=78"}],"curies":[{"name":"wp","href":"https:\/\/api.w.org\/{rel}","templated":true}]}}