{"id":85,"date":"2016-03-25T15:18:50","date_gmt":"2016-03-25T14:18:50","guid":{"rendered":"http:\/\/www.pfadfinderbadblankenburg.de\/wordpress\/?page_id=85"},"modified":"2026-01-05T15:11:28","modified_gmt":"2026-01-05T14:11:28","slug":"pfadfinder","status":"publish","type":"page","link":"https:\/\/www.pfadfinderbadblankenburg.de\/wordpress\/stufen\/pfadfinder\/","title":{"rendered":"Pfadfinder"},"content":{"rendered":"<p><img loading=\"lazy\" decoding=\"async\" data-attachment-id=\"138\" data-permalink=\"https:\/\/www.pfadfinderbadblankenburg.de\/wordpress\/stufen\/lilie\/\" data-orig-file=\"https:\/\/www.pfadfinderbadblankenburg.de\/wordpress\/wp-content\/uploads\/2016\/03\/Lilie.png\" data-orig-size=\"988,968\" data-comments-opened=\"1\" data-image-meta=\"{&quot;aperture&quot;:&quot;0&quot;,&quot;credit&quot;:&quot;&quot;,&quot;camera&quot;:&quot;&quot;,&quot;caption&quot;:&quot;&quot;,&quot;created_timestamp&quot;:&quot;0&quot;,&quot;copyright&quot;:&quot;&quot;,&quot;focal_length&quot;:&quot;0&quot;,&quot;iso&quot;:&quot;0&quot;,&quot;shutter_speed&quot;:&quot;0&quot;,&quot;title&quot;:&quot;&quot;,&quot;orientation&quot;:&quot;0&quot;}\" data-image-title=\"Lilie\" data-image-description=\"\" data-image-caption=\"\" data-large-file=\"https:\/\/www.pfadfinderbadblankenburg.de\/wordpress\/wp-content\/uploads\/2016\/03\/Lilie.png\" class=\"alignright size-thumbnail wp-image-138\" src=\"http:\/\/www.pfadfinderbadblankenburg.de\/wordpress\/wp-content\/uploads\/2016\/03\/Lilie-150x150.png\" alt=\"Lilie\" width=\"150\" height=\"150\" \/><\/p>\n<h3>Immer auf der Suche nach dem Abenteuer!<\/h3>\n<p><strong>Pfadfinderinnen und Pfadfinder kennen keine Schranken, keine Grenzen, keine Hindernisse<\/strong>: Die 11- bis 15-J\u00e4hrigen leben in der Sippe, so hei\u00dft in dieser Stufe eine kleine Gruppe von Kindern und Jugendlichen. Das Programm ihrer w\u00f6chentlichen Treffen ist abwechslungsreich: Sie lernen Knoten binden und Zelte aufbauen, sie basteln und singen, sie erkunden die Umgebung und engagieren sich sozial.<\/p>\n<p>&nbsp;<\/p>\n<h4>\u2026gehen mit der Sippe auf Fahrt<\/h4>\n<p>am Wochenende oder in den Ferien, <strong>zu Fu\u00df, mit Rad, Flo\u00df oder Boot<\/strong>. Das gr\u00f6\u00dfte Abenteuer aber ist die Gro\u00dffahrt: Ziel kann der Harz sein, die schottischen\u00a0Highlands oder eine schwedische Seenplatte\u00a0\u2013 immer auf der Spur des Neuen und Ungewissen. Stets lockt die Herausforderung, andere Menschen und Kulturen zu entdecken. Abends sitzen und singen die Jugendlichen am Lagerfeuer.<\/p>\n<p>&nbsp;<\/p>\n<p><img loading=\"lazy\" decoding=\"async\" data-attachment-id=\"197\" data-permalink=\"https:\/\/www.pfadfinderbadblankenburg.de\/wordpress\/stufen\/pfadfinder\/schottland_rucksacke\/\" data-orig-file=\"https:\/\/www.pfadfinderbadblankenburg.de\/wordpress\/wp-content\/uploads\/2016\/03\/schottland_rucksacke.jpg\" data-orig-size=\"2592,1944\" data-comments-opened=\"1\" data-image-meta=\"{&quot;aperture&quot;:&quot;3.2&quot;,&quot;credit&quot;:&quot;Digital Camera&quot;,&quot;camera&quot;:&quot;MD 86216&quot;,&quot;caption&quot;:&quot;&quot;,&quot;created_timestamp&quot;:&quot;1438458335&quot;,&quot;copyright&quot;:&quot;Digital Camera&quot;,&quot;focal_length&quot;:&quot;5.1&quot;,&quot;iso&quot;:&quot;100&quot;,&quot;shutter_speed&quot;:&quot;0.0010845986984816&quot;,&quot;title&quot;:&quot;&quot;,&quot;orientation&quot;:&quot;1&quot;}\" data-image-title=\"schottland_rucksacke\" data-image-description=\"\" data-image-caption=\"\" data-large-file=\"https:\/\/www.pfadfinderbadblankenburg.de\/wordpress\/wp-content\/uploads\/2016\/03\/schottland_rucksacke-1024x768.jpg\" class=\"aligncenter wp-image-197 size-large\" src=\"http:\/\/www.pfadfinderbadblankenburg.de\/wordpress\/wp-content\/uploads\/2016\/03\/schottland_rucksacke-1024x768.jpg\" alt=\"schottland_rucksacke\" width=\"684\" height=\"513\" srcset=\"https:\/\/www.pfadfinderbadblankenburg.de\/wordpress\/wp-content\/uploads\/2016\/03\/schottland_rucksacke-1024x768.jpg 1024w, https:\/\/www.pfadfinderbadblankenburg.de\/wordpress\/wp-content\/uploads\/2016\/03\/schottland_rucksacke-300x225.jpg 300w, https:\/\/www.pfadfinderbadblankenburg.de\/wordpress\/wp-content\/uploads\/2016\/03\/schottland_rucksacke-768x576.jpg 768w\" sizes=\"auto, (max-width: 684px) 100vw, 684px\" \/><\/p>\n<p><!--&nbsp;\n\n\n<h4>Benno<\/h4>\n\n\nbenno.ewigleben[at]pfadfinderbadblankenburg.de&nbsp;\n\n&nbsp;\n\n&nbsp;\n\n<img loading=\"lazy\" decoding=\"async\" data-attachment-id=\"197\" data-permalink=\"https:\/\/www.pfadfinderbadblankenburg.de\/wordpress\/stufen\/pfadfinder\/schottland_rucksacke\/\" data-orig-file=\"https:\/\/www.pfadfinderbadblankenburg.de\/wordpress\/wp-content\/uploads\/2016\/03\/schottland_rucksacke.jpg\" data-orig-size=\"2592,1944\" data-comments-opened=\"1\" data-image-meta=\"{&quot;aperture&quot;:&quot;3.2&quot;,&quot;credit&quot;:&quot;Digital Camera&quot;,&quot;camera&quot;:&quot;MD 86216&quot;,&quot;caption&quot;:&quot;&quot;,&quot;created_timestamp&quot;:&quot;1438458335&quot;,&quot;copyright&quot;:&quot;Digital Camera&quot;,&quot;focal_length&quot;:&quot;5.1&quot;,&quot;iso&quot;:&quot;100&quot;,&quot;shutter_speed&quot;:&quot;0.0010845986984816&quot;,&quot;title&quot;:&quot;&quot;,&quot;orientation&quot;:&quot;1&quot;}\" data-image-title=\"schottland_rucksacke\" data-image-description=\"\" data-image-caption=\"\" data-large-file=\"https:\/\/www.pfadfinderbadblankenburg.de\/wordpress\/wp-content\/uploads\/2016\/03\/schottland_rucksacke-1024x768.jpg\" class=\"aligncenter wp-image-197 size-large\" src=\"http:\/\/www.pfadfinderbadblankenburg.de\/wordpress\/wp-content\/uploads\/2016\/03\/schottland_rucksacke-1024x768.jpg\" alt=\"\" width=\"684\" height=\"513\" srcset=\"https:\/\/www.pfadfinderbadblankenburg.de\/wordpress\/wp-content\/uploads\/2016\/03\/schottland_rucksacke-1024x768.jpg 1024w, https:\/\/www.pfadfinderbadblankenburg.de\/wordpress\/wp-content\/uploads\/2016\/03\/schottland_rucksacke-300x225.jpg 300w, https:\/\/www.pfadfinderbadblankenburg.de\/wordpress\/wp-content\/uploads\/2016\/03\/schottland_rucksacke-768x576.jpg 768w\" sizes=\"auto, (max-width: 684px) 100vw, 684px\" \/>\n\n--><\/p>\n","protected":false},"excerpt":{"rendered":"<p>Immer auf der Suche nach dem Abenteuer! Pfadfinderinnen und Pfadfinder kennen keine Schranken, keine Grenzen, keine Hindernisse: Die 11- bis 15-J\u00e4hrigen leben in der Sippe, so hei\u00dft in dieser Stufe eine kleine Gruppe von Kindern und Jugendlichen. Das Programm ihrer w\u00f6chentlichen Treffen ist abwechslungsreich: Sie lernen Knoten binden und Zelte aufbauen, sie basteln und singen, [&hellip;]<\/p>\n","protected":false},"author":1,"featured_media":199,"parent":49,"menu_order":0,"comment_status":"closed","ping_status":"closed","template":"","meta":{"jetpack_post_was_ever_published":false,"footnotes":""},"class_list":["post-85","page","type-page","status-publish","has-post-thumbnail","hentry"],"jetpack_shortlink":"https:\/\/wp.me\/P7nQUU-1n","jetpack_sharing_enabled":true,"_links":{"self":[{"href":"https:\/\/www.pfadfinderbadblankenburg.de\/wordpress\/wp-json\/wp\/v2\/pages\/85","targetHints":{"allow":["GET"]}}],"collection":[{"href":"https:\/\/www.pfadfinderbadblankenburg.de\/wordpress\/wp-json\/wp\/v2\/pages"}],"about":[{"href":"https:\/\/www.pfadfinderbadblankenburg.de\/wordpress\/wp-json\/wp\/v2\/types\/page"}],"author":[{"embeddable":true,"href":"https:\/\/www.pfadfinderbadblankenburg.de\/wordpress\/wp-json\/wp\/v2\/users\/1"}],"replies":[{"embeddable":true,"href":"https:\/\/www.pfadfinderbadblankenburg.de\/wordpress\/wp-json\/wp\/v2\/comments?post=85"}],"version-history":[{"count":19,"href":"https:\/\/www.pfadfinderbadblankenburg.de\/wordpress\/wp-json\/wp\/v2\/pages\/85\/revisions"}],"predecessor-version":[{"id":1363,"href":"https:\/\/www.pfadfinderbadblankenburg.de\/wordpress\/wp-json\/wp\/v2\/pages\/85\/revisions\/1363"}],"up":[{"embeddable":true,"href":"https:\/\/www.pfadfinderbadblankenburg.de\/wordpress\/wp-json\/wp\/v2\/pages\/49"}],"wp:featuredmedia":[{"embeddable":true,"href":"https:\/\/www.pfadfinderbadblankenburg.de\/wordpress\/wp-json\/wp\/v2\/media\/199"}],"wp:attachment":[{"href":"https:\/\/www.pfadfinderbadblankenburg.de\/wordpress\/wp-json\/wp\/v2\/media?parent=85"}],"curies":[{"name":"wp","href":"https:\/\/api.w.org\/{rel}","templated":true}]}}